{"id":2551,"date":"2020-04-28T19:23:38","date_gmt":"2020-04-28T17:23:38","guid":{"rendered":"https:\/\/thomasnumismatics.com\/politique-de-confidentialite\/"},"modified":"2023-07-05T17:30:17","modified_gmt":"2023-07-05T15:30:17","slug":"data-protection","status":"publish","type":"page","link":"https:\/\/thomasnumismatics.com\/en\/data-protection\/","title":{"rendered":"Data protection"},"content":{"rendered":"<p>Conform\u00e9ment au R\u00e8glement g\u00e9n\u00e9ral sur la protection des donn\u00e9es (\u201cRGPD\u201d) et aux lois locales en vigueur, nous vous communiquons ici des informations sur la mani\u00e8re dont la soci\u00e9t\u00e9 MAISON THOMAS collecte, utilise, prot\u00e8ge, conserve, partage et supprime vos donn\u00e9es personnelles sur le site Thomas Numismatics (www.thomasnumismatics.com, ci-apr\u00e8s nomm\u00e9 &#8220;le site&#8221; ou &#8220;Thomas Numismatics&#8221;). Nous fournissons \u00e9galement des informations sur la proc\u00e9dure \u00e0 suivre pour nous contacter afin d\u2019exercer vos droits en vertu de la l\u00e9gislation locale.<\/p>\n<h3>Donn\u00e9es collect\u00e9es<\/h3>\n<p>La soci\u00e9t\u00e9 MAISON THOMAS collecte certaines informations lors des actions suivantes :<\/p>\n<ul>\n<li><strong>Formulaire de cr\u00e9ation de compte<\/strong>\u00a0: votre pr\u00e9nom, nom et adresse e-mail. Ces informations sont n\u00e9cessaires et obligatoires pour que vous puissiez\u00a0acheter sur notre boutique en ligne.<\/li>\n<li><strong>Formulaire de contact\u00a0<\/strong>:\u00a0votre pr\u00e9nom, nom, adresse e-mail et t\u00e9l\u00e9phone. Ces informations sont n\u00e9cessaire pour le bon traitement de votre demande par notre service client.<\/li>\n<li><strong>Formulaire &#8220;Vous souhaitez vendre ?<\/strong>&#8221; : votre pr\u00e9nom, nom, adresse e-mail, t\u00e9l\u00e9phone. Ces informations sont n\u00e9cessaire pour le bon traitement de votre demande par notre service estimation.<\/li>\n<li><strong>Formulaire\u00a0d&#8217;inscription \u00e0 la Newsletter<\/strong>\u00a0:\u00a0votre adresse e-mail, et en option\u00a0votre pr\u00e9nom, nom et vos pr\u00e9f\u00e9rences.<\/li>\n<li><strong>Achat d&#8217;un produit en ligne<\/strong>\u00a0: en compl\u00e9ment des informations demand\u00e9es lors de la cr\u00e9ation de compte, vous devrez fournir les informations li\u00e9es \u00e0 la facturation et \u00e0 la livraison, \u00e0 savoir votre pr\u00e9nom, nom, adresse, code postal, ville et num\u00e9ro de t\u00e9l\u00e9phone.\u00a0Ces informations sont n\u00e9cessaire pour le bon traitement de votre commande en ligne par notre\u00a0service client.<\/li>\n<\/ul>\n<p>Dans la plupart des cas nous demandons votre consentement pour ex\u00e9cuter ces collectes.<\/p>\n<h3>Responsable de la protection des donn\u00e9es personnelles<\/h3>\n<p>La soci\u00e9t\u00e9 MAISON THOMAS est responsable du traitement de la protection des donn\u00e9es personnelles. \u00a0 \u00a0 \u00c0 tout moment vous pouvez la contacter afin d\u2019exercer vos droits de modification et de suppression des donn\u00e9es collect\u00e9es :<br \/>\nE-mail : <a href=\"mailto:contact@thomasnumismatics.com\">contact@thomasnumismatics.com<\/a><\/p>\n<h3>Cookies<\/h3>\n<p>Afin de disposer d\u2019informations sur la mani\u00e8re dont les internautes utilisent le site, de reconna\u00eetre votre navigateur ou votre appareil,\u00a0et de vous apporter certains services, ce site utilise des cookies, des pixels et d&#8217;autres technologies (collectivement d\u00e9sign\u00e9s \u00ab cookies \u00bb). Les cookies sont de petits fichiers texte m\u00e9moris\u00e9s sur votre ordinateur ou appareil mobile quand vous visitez un site Web, et qui collecte des informations qui seront ensuite stocker sur\u00a0des\u00a0serveurs.<\/p>\n<p>Les cookies utilis\u00e9s par le site Thomas Numismatics vous permettent de :<\/p>\n<ul>\n<li>Conserver\u00a0les\u00a0produits\u00a0ajout\u00e9s dans votre panier<\/li>\n<li>Conserver les produits ajout\u00e9s en Favoris<\/li>\n<li>Vous souvenir des produits r\u00e9cemment vus<\/li>\n<\/ul>\n<p>Vous pouvez modifier les param\u00e8tres de votre navigateur pour supprimer les cookies ou emp\u00eacher qu\u2019ils soient m\u00e9moris\u00e9s sur votre ordinateur ou appareil mobile sans votre autorisation. Le menu d\u2019aide de votre navigateur devrait fournir des informations sur la fa\u00e7on de g\u00e9rer les param\u00e8tres de vos cookies.<\/p>\n<p>Des tiers approuv\u00e9s peuvent \u00e9galement poser des cookies lorsque vous utilisez les services du site Thomas Numismatics . Les cookies pos\u00e9s par ces tiers sont utilis\u00e9s pour :<\/p>\n<ul>\n<li>obtenir des statistiques de fr\u00e9quentation et des donn\u00e9es de navigation sur le site Thomas Numismatics<\/li>\n<li>optimiser les messages promotionnels et publicit\u00e9s en ligne r\u00e9alis\u00e9es par Thomas Numismatics<\/li>\n<li>am\u00e9liorer l&#8217;exp\u00e9rience en ligne et proposer\u00a0des produits et services en rapport avec vos centres d&#8217;int\u00e9r\u00eat<\/li>\n<\/ul>\n<p>Ces tiers incluent\u00a0notre prestataire de services de mesures et d&#8217;analyses, les r\u00e9seaux sociaux et\u00a0notre solution d&#8217;email marketing :<\/p>\n<ul>\n<li>Google Analytics : solution de mesure\u00a0des donn\u00e9es de navigation du site.<\/li>\n<li>R\u00e9seaux sociaux (Facebook, Instagram, Twitter, Pinterest) :\u00a0collecte d&#8217;une partie des donn\u00e9es de navigation pour\u00a0diffuser\u00a0des messages publicitaires\u00a0aux visiteurs du site et\/ou ayant manifest\u00e9 un int\u00e9r\u00eat pour certains produits.<\/li>\n<li>Mailchimp : solution d&#8217;email marketing utilis\u00e9. Les donn\u00e9es collect\u00e9es servent \u00e0 envoyer des informations bas\u00e9es sur les int\u00e9r\u00eats des abonn\u00e9s \u00e0 la Newsletter.<\/li>\n<\/ul>\n<p>Pour toute demande d&#8217;information compl\u00e9mentaire, vous pouvez nous contacter en nous envoyant un e-mail \u00e0 l&#8217;adresse : <a href=\"mailto:contact@thomasnumismatics.com\">contact@thomasnumismatics.com<\/a><\/p>\n<p>&nbsp;<\/p>\n<p>&nbsp;<\/p>\n<p>&nbsp;<\/p>\n","protected":false},"excerpt":{"rendered":"<p>Conform\u00e9ment au R\u00e8glement g\u00e9n\u00e9ral sur la protection des donn\u00e9es (\u201cRGPD\u201d) et aux lois locales en vigueur, nous vous communiquons ici des informations sur la mani\u00e8re dont la soci\u00e9t\u00e9 MAISON THOMAS&hellip;<\/p>\n","protected":false},"author":1,"featured_media":0,"parent":0,"menu_order":0,"comment_status":"closed","ping_status":"closed","template":"template-default.php","meta":{"_acf_changed":false,"footnotes":""},"class_list":["post-2551","page","type-page","status-publish","hentry"],"acf":[],"yoast_head":"<title>Data protection - Thomas Numismatics<\/title>\n<meta name=\"robots\" content=\"noindex, follow\" \/>\n<meta property=\"og:locale\" content=\"en_US\" \/>\n<meta property=\"og:type\" content=\"article\" \/>\n<meta property=\"og:title\" content=\"Data protection - Thomas Numismatics\" \/>\n<meta property=\"og:description\" content=\"Conform\u00e9ment au R\u00e8glement g\u00e9n\u00e9ral sur la protection des donn\u00e9es (\u201cRGPD\u201d) et aux lois locales en vigueur, nous vous communiquons ici des informations sur la mani\u00e8re dont la soci\u00e9t\u00e9 MAISON THOMAS&hellip;\" \/>\n<meta property=\"og:url\" content=\"https:\/\/thomasnumismatics.com\/en\/data-protection\/\" \/>\n<meta property=\"og:site_name\" content=\"Thomas Numismatics\" \/>\n<meta property=\"article:publisher\" content=\"https:\/\/www.facebook.com\/ThomasNumismatics\/\" \/>\n<meta property=\"article:modified_time\" content=\"2023-07-05T15:30:17+00:00\" \/>\n<meta name=\"twitter:card\" content=\"summary_large_image\" \/>\n<meta name=\"twitter:label1\" content=\"Est. reading time\" \/>\n\t<meta name=\"twitter:data1\" content=\"4 minutes\" \/>\n<script type=\"application\/ld+json\" class=\"yoast-schema-graph\">{\"@context\":\"https:\/\/schema.org\",\"@graph\":[{\"@type\":\"WebPage\",\"@id\":\"https:\/\/thomasnumismatics.com\/en\/data-protection\/\",\"url\":\"https:\/\/thomasnumismatics.com\/en\/data-protection\/\",\"name\":\"Data protection - Thomas Numismatics\",\"isPartOf\":{\"@id\":\"https:\/\/thomasnumismatics.com\/en\/#website\"},\"datePublished\":\"2020-04-28T17:23:38+00:00\",\"dateModified\":\"2023-07-05T15:30:17+00:00\",\"breadcrumb\":{\"@id\":\"https:\/\/thomasnumismatics.com\/en\/data-protection\/#breadcrumb\"},\"inLanguage\":\"en-US\",\"potentialAction\":[{\"@type\":\"ReadAction\",\"target\":[\"https:\/\/thomasnumismatics.com\/en\/data-protection\/\"]}]},{\"@type\":\"BreadcrumbList\",\"@id\":\"https:\/\/thomasnumismatics.com\/en\/data-protection\/#breadcrumb\",\"itemListElement\":[{\"@type\":\"ListItem\",\"position\":1,\"name\":\"\u00a0\",\"item\":\"https:\/\/thomasnumismatics.com\/en\/\"},{\"@type\":\"ListItem\",\"position\":2,\"name\":\"Data protection\"}]},{\"@type\":\"WebSite\",\"@id\":\"https:\/\/thomasnumismatics.com\/en\/#website\",\"url\":\"https:\/\/thomasnumismatics.com\/en\/\",\"name\":\"Thomas Numismatics\",\"description\":\"\",\"publisher\":{\"@id\":\"https:\/\/thomasnumismatics.com\/en\/#organization\"},\"potentialAction\":[{\"@type\":\"SearchAction\",\"target\":{\"@type\":\"EntryPoint\",\"urlTemplate\":\"https:\/\/thomasnumismatics.com\/en\/?s={search_term_string}\"},\"query-input\":{\"@type\":\"PropertyValueSpecification\",\"valueRequired\":true,\"valueName\":\"search_term_string\"}}],\"inLanguage\":\"en-US\"},{\"@type\":\"Organization\",\"@id\":\"https:\/\/thomasnumismatics.com\/en\/#organization\",\"name\":\"Thomas Numismatics\",\"url\":\"https:\/\/thomasnumismatics.com\/en\/\",\"logo\":{\"@type\":\"ImageObject\",\"inLanguage\":\"en-US\",\"@id\":\"https:\/\/thomasnumismatics.com\/en\/#\/schema\/logo\/image\/\",\"url\":\"https:\/\/thomasnumismatics.com\/wp-content\/uploads\/2020\/06\/thomas-numismatics-logo-email-1.png\",\"contentUrl\":\"https:\/\/thomasnumismatics.com\/wp-content\/uploads\/2020\/06\/thomas-numismatics-logo-email-1.png\",\"width\":350,\"height\":70,\"caption\":\"Thomas Numismatics\"},\"image\":{\"@id\":\"https:\/\/thomasnumismatics.com\/en\/#\/schema\/logo\/image\/\"},\"sameAs\":[\"https:\/\/www.facebook.com\/ThomasNumismatics\/\",\"https:\/\/www.instagram.com\/thomasnumismatics\/\"]}]}<\/script>","yoast_head_json":{"title":"Data protection - Thomas Numismatics","robots":{"index":"noindex","follow":"follow"},"og_locale":"en_US","og_type":"article","og_title":"Data protection - Thomas Numismatics","og_description":"Conform\u00e9ment au R\u00e8glement g\u00e9n\u00e9ral sur la protection des donn\u00e9es (\u201cRGPD\u201d) et aux lois locales en vigueur, nous vous communiquons ici des informations sur la mani\u00e8re dont la soci\u00e9t\u00e9 MAISON THOMAS&hellip;","og_url":"https:\/\/thomasnumismatics.com\/en\/data-protection\/","og_site_name":"Thomas Numismatics","article_publisher":"https:\/\/www.facebook.com\/ThomasNumismatics\/","article_modified_time":"2023-07-05T15:30:17+00:00","twitter_card":"summary_large_image","twitter_misc":{"Est. reading time":"4 minutes"},"schema":{"@context":"https:\/\/schema.org","@graph":[{"@type":"WebPage","@id":"https:\/\/thomasnumismatics.com\/en\/data-protection\/","url":"https:\/\/thomasnumismatics.com\/en\/data-protection\/","name":"Data protection - Thomas Numismatics","isPartOf":{"@id":"https:\/\/thomasnumismatics.com\/en\/#website"},"datePublished":"2020-04-28T17:23:38+00:00","dateModified":"2023-07-05T15:30:17+00:00","breadcrumb":{"@id":"https:\/\/thomasnumismatics.com\/en\/data-protection\/#breadcrumb"},"inLanguage":"en-US","potentialAction":[{"@type":"ReadAction","target":["https:\/\/thomasnumismatics.com\/en\/data-protection\/"]}]},{"@type":"BreadcrumbList","@id":"https:\/\/thomasnumismatics.com\/en\/data-protection\/#breadcrumb","itemListElement":[{"@type":"ListItem","position":1,"name":"\u00a0","item":"https:\/\/thomasnumismatics.com\/en\/"},{"@type":"ListItem","position":2,"name":"Data protection"}]},{"@type":"WebSite","@id":"https:\/\/thomasnumismatics.com\/en\/#website","url":"https:\/\/thomasnumismatics.com\/en\/","name":"Thomas Numismatics","description":"","publisher":{"@id":"https:\/\/thomasnumismatics.com\/en\/#organization"},"potentialAction":[{"@type":"SearchAction","target":{"@type":"EntryPoint","urlTemplate":"https:\/\/thomasnumismatics.com\/en\/?s={search_term_string}"},"query-input":{"@type":"PropertyValueSpecification","valueRequired":true,"valueName":"search_term_string"}}],"inLanguage":"en-US"},{"@type":"Organization","@id":"https:\/\/thomasnumismatics.com\/en\/#organization","name":"Thomas Numismatics","url":"https:\/\/thomasnumismatics.com\/en\/","logo":{"@type":"ImageObject","inLanguage":"en-US","@id":"https:\/\/thomasnumismatics.com\/en\/#\/schema\/logo\/image\/","url":"https:\/\/thomasnumismatics.com\/wp-content\/uploads\/2020\/06\/thomas-numismatics-logo-email-1.png","contentUrl":"https:\/\/thomasnumismatics.com\/wp-content\/uploads\/2020\/06\/thomas-numismatics-logo-email-1.png","width":350,"height":70,"caption":"Thomas Numismatics"},"image":{"@id":"https:\/\/thomasnumismatics.com\/en\/#\/schema\/logo\/image\/"},"sameAs":["https:\/\/www.facebook.com\/ThomasNumismatics\/","https:\/\/www.instagram.com\/thomasnumismatics\/"]}]}},"_links":{"self":[{"href":"https:\/\/thomasnumismatics.com\/en\/wp-json\/wp\/v2\/pages\/2551","targetHints":{"allow":["GET"]}}],"collection":[{"href":"https:\/\/thomasnumismatics.com\/en\/wp-json\/wp\/v2\/pages"}],"about":[{"href":"https:\/\/thomasnumismatics.com\/en\/wp-json\/wp\/v2\/types\/page"}],"author":[{"embeddable":true,"href":"https:\/\/thomasnumismatics.com\/en\/wp-json\/wp\/v2\/users\/1"}],"replies":[{"embeddable":true,"href":"https:\/\/thomasnumismatics.com\/en\/wp-json\/wp\/v2\/comments?post=2551"}],"version-history":[{"count":1,"href":"https:\/\/thomasnumismatics.com\/en\/wp-json\/wp\/v2\/pages\/2551\/revisions"}],"predecessor-version":[{"id":30409,"href":"https:\/\/thomasnumismatics.com\/en\/wp-json\/wp\/v2\/pages\/2551\/revisions\/30409"}],"wp:attachment":[{"href":"https:\/\/thomasnumismatics.com\/en\/wp-json\/wp\/v2\/media?parent=2551"}],"curies":[{"name":"wp","href":"https:\/\/api.w.org\/{rel}","templated":true}]}}