{"id":28509,"date":"2024-12-21T08:00:26","date_gmt":"2023-05-02T15:05:26","guid":{"rendered":"https:\/\/thomasnumismatics.com\/acheter\/uncategorized\/lindauer-pattern-trial-double-reverse-10-centimeszinc-edge-smooth-24-pans\/"},"modified":"2025-10-17T14:05:41","modified_gmt":"2025-10-17T12:05:41","slug":"lindauer-pattern-trial-double-reverse-10-centimeszinc-edge-smooth-24-pans","status":"publish","type":"product","link":"https:\/\/thomasnumismatics.com\/en\/shop\/coins\/french-modern-coins\/lindauer-pattern-trial-double-reverse-10-centimeszinc-edge-smooth-24-pans\/","title":{"rendered":"Lindauer &#8211; Pattern trial  Double reverse 10 centimesZinc &#8211; Edge smooth 24 pans"},"content":{"rendered":"<p>Trial Pattern in rare condition. MS quality. Orange spots. Splendid example.<\/p>\n<p>Coin certified PCGS SP 63. Very high grade. Top population. Highest grade.<\/p>\n<p>Zinc Trial. Edge smooth with 24 pans, without word<em>&#8220;ESSAI&#8221;. \u00a0<\/em>Only 2 known examples when the book was published.<\/p>\n<p>Very scarce. Missing from most collections.<\/p>\n<p>Reference GEM 41.5\u00a0<em>Essais mon\u00e9taires et pi\u00e9forts Fran\u00e7ais de Michel Taillard et Michel Arnaud.<\/em><\/p>\n<p>&nbsp;<\/p>\n","protected":false},"excerpt":{"rendered":"<p>Trial Pattern Lindauer &#8211; 10 centimes 1939 &#8211; Double reverse Zinc &#8211; PCGS SP 63<\/p>\n","protected":false},"featured_media":28362,"template":"","meta":{"_acf_changed":false},"product_cat":[2187,761,1436],"product_tag":[],"class_list":{"0":"post-28509","1":"product","2":"type-product","3":"status-publish","4":"has-post-thumbnail","6":"product_cat-coins","7":"product_cat-french-modern-coins","8":"product_cat-third-republic","10":"first","11":"outofstock","12":"taxable","13":"shipping-taxable","14":"product-type-simple"},"acf":[],"yoast_head":"<title>Lindauer - Pattern trial Double reverse 10 centimesZinc - Edge smooth 24 pans - Thomas Numismatics<\/title>\n<meta name=\"robots\" content=\"index, follow, max-snippet:-1, max-image-preview:large, max-video-preview:-1\" \/>\n<link rel=\"canonical\" href=\"https:\/\/thomasnumismatics.com\/en\/shop\/coins\/french-modern-coins\/lindauer-pattern-trial-double-reverse-10-centimeszinc-edge-smooth-24-pans\/\" \/>\n<meta property=\"og:locale\" content=\"en_US\" \/>\n<meta property=\"og:type\" content=\"article\" \/>\n<meta property=\"og:title\" content=\"Lindauer - Pattern trial Double reverse 10 centimesZinc - Edge smooth 24 pans - Thomas Numismatics\" \/>\n<meta property=\"og:description\" content=\"Trial Pattern Lindauer - 10 centimes 1939 - Double reverse Zinc - PCGS SP 63\" \/>\n<meta property=\"og:url\" content=\"https:\/\/thomasnumismatics.com\/en\/shop\/coins\/french-modern-coins\/lindauer-pattern-trial-double-reverse-10-centimeszinc-edge-smooth-24-pans\/\" \/>\n<meta property=\"og:site_name\" content=\"Thomas Numismatics\" \/>\n<meta property=\"article:publisher\" content=\"https:\/\/www.facebook.com\/ThomasNumismatics\/\" \/>\n<meta property=\"article:modified_time\" content=\"2025-10-17T12:05:41+00:00\" \/>\n<meta property=\"og:image\" content=\"https:\/\/thomasnumismatics.com\/wp-content\/uploads\/2023\/04\/double-10-cts-lindauer-zinc-pans-pcgs-sp-63-1-scaled.jpg\" \/>\n\t<meta property=\"og:image:width\" content=\"2560\" \/>\n\t<meta property=\"og:image:height\" content=\"2560\" \/>\n\t<meta property=\"og:image:type\" content=\"image\/jpeg\" \/>\n<meta name=\"twitter:card\" content=\"summary_large_image\" \/>\n<meta name=\"twitter:label1\" content=\"Est. reading time\" \/>\n\t<meta name=\"twitter:data1\" content=\"1 minute\" \/>\n<script type=\"application\/ld+json\" class=\"yoast-schema-graph\">{\"@context\":\"https:\/\/schema.org\",\"@graph\":[{\"@type\":\"WebPage\",\"@id\":\"https:\/\/thomasnumismatics.com\/en\/shop\/coins\/french-modern-coins\/lindauer-pattern-trial-double-reverse-10-centimeszinc-edge-smooth-24-pans\/\",\"url\":\"https:\/\/thomasnumismatics.com\/en\/shop\/coins\/french-modern-coins\/lindauer-pattern-trial-double-reverse-10-centimeszinc-edge-smooth-24-pans\/\",\"name\":\"Lindauer - Pattern trial Double reverse 10 centimesZinc - Edge smooth 24 pans - Thomas Numismatics\",\"isPartOf\":{\"@id\":\"https:\/\/thomasnumismatics.com\/en\/#website\"},\"primaryImageOfPage\":{\"@id\":\"https:\/\/thomasnumismatics.com\/en\/shop\/coins\/french-modern-coins\/lindauer-pattern-trial-double-reverse-10-centimeszinc-edge-smooth-24-pans\/#primaryimage\"},\"image\":{\"@id\":\"https:\/\/thomasnumismatics.com\/en\/shop\/coins\/french-modern-coins\/lindauer-pattern-trial-double-reverse-10-centimeszinc-edge-smooth-24-pans\/#primaryimage\"},\"thumbnailUrl\":\"https:\/\/thomasnumismatics.com\/wp-content\/uploads\/2023\/04\/double-10-cts-lindauer-zinc-pans-pcgs-sp-63-1-scaled.jpg\",\"datePublished\":\"2023-05-02T15:05:26+00:00\",\"dateModified\":\"2025-10-17T12:05:41+00:00\",\"breadcrumb\":{\"@id\":\"https:\/\/thomasnumismatics.com\/en\/shop\/coins\/french-modern-coins\/lindauer-pattern-trial-double-reverse-10-centimeszinc-edge-smooth-24-pans\/#breadcrumb\"},\"inLanguage\":\"en-US\",\"potentialAction\":[{\"@type\":\"ReadAction\",\"target\":[\"https:\/\/thomasnumismatics.com\/en\/shop\/coins\/french-modern-coins\/lindauer-pattern-trial-double-reverse-10-centimeszinc-edge-smooth-24-pans\/\"]}]},{\"@type\":\"ImageObject\",\"inLanguage\":\"en-US\",\"@id\":\"https:\/\/thomasnumismatics.com\/en\/shop\/coins\/french-modern-coins\/lindauer-pattern-trial-double-reverse-10-centimeszinc-edge-smooth-24-pans\/#primaryimage\",\"url\":\"https:\/\/thomasnumismatics.com\/wp-content\/uploads\/2023\/04\/double-10-cts-lindauer-zinc-pans-pcgs-sp-63-1-scaled.jpg\",\"contentUrl\":\"https:\/\/thomasnumismatics.com\/wp-content\/uploads\/2023\/04\/double-10-cts-lindauer-zinc-pans-pcgs-sp-63-1-scaled.jpg\",\"width\":2560,\"height\":2560,\"caption\":\"Double reverse 10 cts Lindauer Zinc Pans PCGS SP 63-1\"},{\"@type\":\"BreadcrumbList\",\"@id\":\"https:\/\/thomasnumismatics.com\/en\/shop\/coins\/french-modern-coins\/lindauer-pattern-trial-double-reverse-10-centimeszinc-edge-smooth-24-pans\/#breadcrumb\",\"itemListElement\":[{\"@type\":\"ListItem\",\"position\":1,\"name\":\"\u00a0\",\"item\":\"https:\/\/thomasnumismatics.com\/en\/\"},{\"@type\":\"ListItem\",\"position\":2,\"name\":\"Shop\",\"item\":\"https:\/\/thomasnumismatics.com\/en\/shop\/\"},{\"@type\":\"ListItem\",\"position\":3,\"name\":\"Lindauer &#8211; Pattern trial Double reverse 10 centimesZinc &#8211; Edge smooth 24 pans\"}]},{\"@type\":\"WebSite\",\"@id\":\"https:\/\/thomasnumismatics.com\/en\/#website\",\"url\":\"https:\/\/thomasnumismatics.com\/en\/\",\"name\":\"Thomas Numismatics\",\"description\":\"\",\"publisher\":{\"@id\":\"https:\/\/thomasnumismatics.com\/en\/#organization\"},\"potentialAction\":[{\"@type\":\"SearchAction\",\"target\":{\"@type\":\"EntryPoint\",\"urlTemplate\":\"https:\/\/thomasnumismatics.com\/en\/?s={search_term_string}\"},\"query-input\":{\"@type\":\"PropertyValueSpecification\",\"valueRequired\":true,\"valueName\":\"search_term_string\"}}],\"inLanguage\":\"en-US\"},{\"@type\":\"Organization\",\"@id\":\"https:\/\/thomasnumismatics.com\/en\/#organization\",\"name\":\"Thomas Numismatics\",\"url\":\"https:\/\/thomasnumismatics.com\/en\/\",\"logo\":{\"@type\":\"ImageObject\",\"inLanguage\":\"en-US\",\"@id\":\"https:\/\/thomasnumismatics.com\/en\/#\/schema\/logo\/image\/\",\"url\":\"https:\/\/thomasnumismatics.com\/wp-content\/uploads\/2020\/06\/thomas-numismatics-logo-email-1.png\",\"contentUrl\":\"https:\/\/thomasnumismatics.com\/wp-content\/uploads\/2020\/06\/thomas-numismatics-logo-email-1.png\",\"width\":350,\"height\":70,\"caption\":\"Thomas Numismatics\"},\"image\":{\"@id\":\"https:\/\/thomasnumismatics.com\/en\/#\/schema\/logo\/image\/\"},\"sameAs\":[\"https:\/\/www.facebook.com\/ThomasNumismatics\/\",\"https:\/\/www.instagram.com\/thomasnumismatics\/\"]}]}<\/script>","yoast_head_json":{"title":"Lindauer - Pattern trial Double reverse 10 centimesZinc - Edge smooth 24 pans - Thomas Numismatics","robots":{"index":"index","follow":"follow","max-snippet":"max-snippet:-1","max-image-preview":"max-image-preview:large","max-video-preview":"max-video-preview:-1"},"canonical":"https:\/\/thomasnumismatics.com\/en\/shop\/coins\/french-modern-coins\/lindauer-pattern-trial-double-reverse-10-centimeszinc-edge-smooth-24-pans\/","og_locale":"en_US","og_type":"article","og_title":"Lindauer - Pattern trial Double reverse 10 centimesZinc - Edge smooth 24 pans - Thomas Numismatics","og_description":"Trial Pattern Lindauer - 10 centimes 1939 - Double reverse Zinc - PCGS SP 63","og_url":"https:\/\/thomasnumismatics.com\/en\/shop\/coins\/french-modern-coins\/lindauer-pattern-trial-double-reverse-10-centimeszinc-edge-smooth-24-pans\/","og_site_name":"Thomas Numismatics","article_publisher":"https:\/\/www.facebook.com\/ThomasNumismatics\/","article_modified_time":"2025-10-17T12:05:41+00:00","og_image":[{"width":2560,"height":2560,"url":"https:\/\/thomasnumismatics.com\/wp-content\/uploads\/2023\/04\/double-10-cts-lindauer-zinc-pans-pcgs-sp-63-1-scaled.jpg","type":"image\/jpeg"}],"twitter_card":"summary_large_image","twitter_misc":{"Est. reading time":"1 minute"},"schema":{"@context":"https:\/\/schema.org","@graph":[{"@type":"WebPage","@id":"https:\/\/thomasnumismatics.com\/en\/shop\/coins\/french-modern-coins\/lindauer-pattern-trial-double-reverse-10-centimeszinc-edge-smooth-24-pans\/","url":"https:\/\/thomasnumismatics.com\/en\/shop\/coins\/french-modern-coins\/lindauer-pattern-trial-double-reverse-10-centimeszinc-edge-smooth-24-pans\/","name":"Lindauer - Pattern trial Double reverse 10 centimesZinc - Edge smooth 24 pans - Thomas Numismatics","isPartOf":{"@id":"https:\/\/thomasnumismatics.com\/en\/#website"},"primaryImageOfPage":{"@id":"https:\/\/thomasnumismatics.com\/en\/shop\/coins\/french-modern-coins\/lindauer-pattern-trial-double-reverse-10-centimeszinc-edge-smooth-24-pans\/#primaryimage"},"image":{"@id":"https:\/\/thomasnumismatics.com\/en\/shop\/coins\/french-modern-coins\/lindauer-pattern-trial-double-reverse-10-centimeszinc-edge-smooth-24-pans\/#primaryimage"},"thumbnailUrl":"https:\/\/thomasnumismatics.com\/wp-content\/uploads\/2023\/04\/double-10-cts-lindauer-zinc-pans-pcgs-sp-63-1-scaled.jpg","datePublished":"2023-05-02T15:05:26+00:00","dateModified":"2025-10-17T12:05:41+00:00","breadcrumb":{"@id":"https:\/\/thomasnumismatics.com\/en\/shop\/coins\/french-modern-coins\/lindauer-pattern-trial-double-reverse-10-centimeszinc-edge-smooth-24-pans\/#breadcrumb"},"inLanguage":"en-US","potentialAction":[{"@type":"ReadAction","target":["https:\/\/thomasnumismatics.com\/en\/shop\/coins\/french-modern-coins\/lindauer-pattern-trial-double-reverse-10-centimeszinc-edge-smooth-24-pans\/"]}]},{"@type":"ImageObject","inLanguage":"en-US","@id":"https:\/\/thomasnumismatics.com\/en\/shop\/coins\/french-modern-coins\/lindauer-pattern-trial-double-reverse-10-centimeszinc-edge-smooth-24-pans\/#primaryimage","url":"https:\/\/thomasnumismatics.com\/wp-content\/uploads\/2023\/04\/double-10-cts-lindauer-zinc-pans-pcgs-sp-63-1-scaled.jpg","contentUrl":"https:\/\/thomasnumismatics.com\/wp-content\/uploads\/2023\/04\/double-10-cts-lindauer-zinc-pans-pcgs-sp-63-1-scaled.jpg","width":2560,"height":2560,"caption":"Double reverse 10 cts Lindauer Zinc Pans PCGS SP 63-1"},{"@type":"BreadcrumbList","@id":"https:\/\/thomasnumismatics.com\/en\/shop\/coins\/french-modern-coins\/lindauer-pattern-trial-double-reverse-10-centimeszinc-edge-smooth-24-pans\/#breadcrumb","itemListElement":[{"@type":"ListItem","position":1,"name":"\u00a0","item":"https:\/\/thomasnumismatics.com\/en\/"},{"@type":"ListItem","position":2,"name":"Shop","item":"https:\/\/thomasnumismatics.com\/en\/shop\/"},{"@type":"ListItem","position":3,"name":"Lindauer &#8211; Pattern trial Double reverse 10 centimesZinc &#8211; Edge smooth 24 pans"}]},{"@type":"WebSite","@id":"https:\/\/thomasnumismatics.com\/en\/#website","url":"https:\/\/thomasnumismatics.com\/en\/","name":"Thomas Numismatics","description":"","publisher":{"@id":"https:\/\/thomasnumismatics.com\/en\/#organization"},"potentialAction":[{"@type":"SearchAction","target":{"@type":"EntryPoint","urlTemplate":"https:\/\/thomasnumismatics.com\/en\/?s={search_term_string}"},"query-input":{"@type":"PropertyValueSpecification","valueRequired":true,"valueName":"search_term_string"}}],"inLanguage":"en-US"},{"@type":"Organization","@id":"https:\/\/thomasnumismatics.com\/en\/#organization","name":"Thomas Numismatics","url":"https:\/\/thomasnumismatics.com\/en\/","logo":{"@type":"ImageObject","inLanguage":"en-US","@id":"https:\/\/thomasnumismatics.com\/en\/#\/schema\/logo\/image\/","url":"https:\/\/thomasnumismatics.com\/wp-content\/uploads\/2020\/06\/thomas-numismatics-logo-email-1.png","contentUrl":"https:\/\/thomasnumismatics.com\/wp-content\/uploads\/2020\/06\/thomas-numismatics-logo-email-1.png","width":350,"height":70,"caption":"Thomas Numismatics"},"image":{"@id":"https:\/\/thomasnumismatics.com\/en\/#\/schema\/logo\/image\/"},"sameAs":["https:\/\/www.facebook.com\/ThomasNumismatics\/","https:\/\/www.instagram.com\/thomasnumismatics\/"]}]}},"_links":{"self":[{"href":"https:\/\/thomasnumismatics.com\/en\/wp-json\/wp\/v2\/product\/28509","targetHints":{"allow":["GET"]}}],"collection":[{"href":"https:\/\/thomasnumismatics.com\/en\/wp-json\/wp\/v2\/product"}],"about":[{"href":"https:\/\/thomasnumismatics.com\/en\/wp-json\/wp\/v2\/types\/product"}],"wp:featuredmedia":[{"embeddable":true,"href":"https:\/\/thomasnumismatics.com\/en\/wp-json\/wp\/v2\/media\/28362"}],"wp:attachment":[{"href":"https:\/\/thomasnumismatics.com\/en\/wp-json\/wp\/v2\/media?parent=28509"}],"wp:term":[{"taxonomy":"product_cat","embeddable":true,"href":"https:\/\/thomasnumismatics.com\/en\/wp-json\/wp\/v2\/product_cat?post=28509"},{"taxonomy":"product_tag","embeddable":true,"href":"https:\/\/thomasnumismatics.com\/en\/wp-json\/wp\/v2\/product_tag?post=28509"}],"curies":[{"name":"wp","href":"https:\/\/api.w.org\/{rel}","templated":true}]}}