{"id":31228,"date":"2023-08-09T10:39:33","date_gmt":"2023-08-09T08:39:33","guid":{"rendered":"https:\/\/thomasnumismatics.com\/acheter\/uncategorized\/napoleon-iii-medal-in-wood-around-1860-francois-lepage\/"},"modified":"2025-10-31T13:59:32","modified_gmt":"2025-10-31T12:59:32","slug":"medal-napoleon-iii-medal-in-wood-around-1860-francois-lepage","status":"publish","type":"product","link":"https:\/\/thomasnumismatics.com\/en\/shop\/medals-tokens\/medals-2\/medal-napoleon-iii-medal-in-wood-around-1860-francois-lepage\/","title":{"rendered":"Medal &#8211; Napoleon III &#8211; Medal in wood &#8211; Around 1860 &#8211; Fran\u00e7ois Lepage"},"content":{"rendered":"<p>Well preserved medal. Superb example.<\/p>\n","protected":false},"excerpt":{"rendered":"<p>Medal in wood &#8211; Around 1860 &#8211; Fran\u00e7ois Lepage<\/p>\n","protected":false},"featured_media":31184,"template":"","meta":{"_acf_changed":false},"product_cat":[3547,2187,1326],"product_tag":[9743],"class_list":{"0":"post-31228","1":"product","2":"type-product","3":"status-publish","4":"has-post-thumbnail","6":"product_cat-medals-2","7":"product_cat-coins","8":"product_cat-medals-tokens","9":"product_tag-black-friday-2023-en","11":"first","12":"outofstock","13":"taxable","14":"shipping-taxable","15":"product-type-simple"},"acf":[],"yoast_head":"<title>Medal - Napoleon III - Medal in wood - Around 1860 - Fran\u00e7ois Lepage - Thomas Numismatics<\/title>\n<meta name=\"robots\" content=\"index, follow, max-snippet:-1, max-image-preview:large, max-video-preview:-1\" \/>\n<link rel=\"canonical\" href=\"https:\/\/thomasnumismatics.com\/en\/shop\/medals-tokens\/medals-2\/medal-napoleon-iii-medal-in-wood-around-1860-francois-lepage\/\" \/>\n<meta property=\"og:locale\" content=\"en_US\" \/>\n<meta property=\"og:type\" content=\"article\" \/>\n<meta property=\"og:title\" content=\"Medal - Napoleon III - Medal in wood - Around 1860 - Fran\u00e7ois Lepage - Thomas Numismatics\" \/>\n<meta property=\"og:description\" content=\"Medal in wood - Around 1860 - Fran\u00e7ois Lepage\" \/>\n<meta property=\"og:url\" content=\"https:\/\/thomasnumismatics.com\/en\/shop\/medals-tokens\/medals-2\/medal-napoleon-iii-medal-in-wood-around-1860-francois-lepage\/\" \/>\n<meta property=\"og:site_name\" content=\"Thomas Numismatics\" \/>\n<meta property=\"article:publisher\" content=\"https:\/\/www.facebook.com\/ThomasNumismatics\/\" \/>\n<meta property=\"article:modified_time\" content=\"2025-10-31T12:59:32+00:00\" \/>\n<meta property=\"og:image\" content=\"https:\/\/thomasnumismatics.com\/wp-content\/uploads\/2023\/08\/napoleon-iii-medaille-en-bois-durci-vers-1860-francois-lepage-avers.jpg\" \/>\n\t<meta property=\"og:image:width\" content=\"2560\" \/>\n\t<meta property=\"og:image:height\" content=\"2560\" \/>\n\t<meta property=\"og:image:type\" content=\"image\/jpeg\" \/>\n<meta name=\"twitter:card\" content=\"summary_large_image\" \/>\n<meta name=\"twitter:label1\" content=\"Est. reading time\" \/>\n\t<meta name=\"twitter:data1\" content=\"1 minute\" \/>\n<script type=\"application\/ld+json\" class=\"yoast-schema-graph\">{\"@context\":\"https:\/\/schema.org\",\"@graph\":[{\"@type\":\"WebPage\",\"@id\":\"https:\/\/thomasnumismatics.com\/en\/shop\/medals-tokens\/medals-2\/medal-napoleon-iii-medal-in-wood-around-1860-francois-lepage\/\",\"url\":\"https:\/\/thomasnumismatics.com\/en\/shop\/medals-tokens\/medals-2\/medal-napoleon-iii-medal-in-wood-around-1860-francois-lepage\/\",\"name\":\"Medal - Napoleon III - Medal in wood - Around 1860 - Fran\u00e7ois Lepage - Thomas Numismatics\",\"isPartOf\":{\"@id\":\"https:\/\/thomasnumismatics.com\/en\/#website\"},\"primaryImageOfPage\":{\"@id\":\"https:\/\/thomasnumismatics.com\/en\/shop\/medals-tokens\/medals-2\/medal-napoleon-iii-medal-in-wood-around-1860-francois-lepage\/#primaryimage\"},\"image\":{\"@id\":\"https:\/\/thomasnumismatics.com\/en\/shop\/medals-tokens\/medals-2\/medal-napoleon-iii-medal-in-wood-around-1860-francois-lepage\/#primaryimage\"},\"thumbnailUrl\":\"https:\/\/thomasnumismatics.com\/wp-content\/uploads\/2023\/08\/napoleon-iii-medaille-en-bois-durci-vers-1860-francois-lepage-avers.jpg\",\"datePublished\":\"2023-08-09T08:39:33+00:00\",\"dateModified\":\"2025-10-31T12:59:32+00:00\",\"breadcrumb\":{\"@id\":\"https:\/\/thomasnumismatics.com\/en\/shop\/medals-tokens\/medals-2\/medal-napoleon-iii-medal-in-wood-around-1860-francois-lepage\/#breadcrumb\"},\"inLanguage\":\"en-US\",\"potentialAction\":[{\"@type\":\"ReadAction\",\"target\":[\"https:\/\/thomasnumismatics.com\/en\/shop\/medals-tokens\/medals-2\/medal-napoleon-iii-medal-in-wood-around-1860-francois-lepage\/\"]}]},{\"@type\":\"ImageObject\",\"inLanguage\":\"en-US\",\"@id\":\"https:\/\/thomasnumismatics.com\/en\/shop\/medals-tokens\/medals-2\/medal-napoleon-iii-medal-in-wood-around-1860-francois-lepage\/#primaryimage\",\"url\":\"https:\/\/thomasnumismatics.com\/wp-content\/uploads\/2023\/08\/napoleon-iii-medaille-en-bois-durci-vers-1860-francois-lepage-avers.jpg\",\"contentUrl\":\"https:\/\/thomasnumismatics.com\/wp-content\/uploads\/2023\/08\/napoleon-iii-medaille-en-bois-durci-vers-1860-francois-lepage-avers.jpg\",\"width\":2560,\"height\":2560,\"caption\":\"Napol\u00e9on III - M\u00e9daille en bois durci - Vers 1860 - Fran\u00e7ois Lepage-Avers\"},{\"@type\":\"BreadcrumbList\",\"@id\":\"https:\/\/thomasnumismatics.com\/en\/shop\/medals-tokens\/medals-2\/medal-napoleon-iii-medal-in-wood-around-1860-francois-lepage\/#breadcrumb\",\"itemListElement\":[{\"@type\":\"ListItem\",\"position\":1,\"name\":\"\u00a0\",\"item\":\"https:\/\/thomasnumismatics.com\/en\/\"},{\"@type\":\"ListItem\",\"position\":2,\"name\":\"Shop\",\"item\":\"https:\/\/thomasnumismatics.com\/en\/shop\/\"},{\"@type\":\"ListItem\",\"position\":3,\"name\":\"Medal &#8211; Napoleon III &#8211; Medal in wood &#8211; Around 1860 &#8211; Fran\u00e7ois Lepage\"}]},{\"@type\":\"WebSite\",\"@id\":\"https:\/\/thomasnumismatics.com\/en\/#website\",\"url\":\"https:\/\/thomasnumismatics.com\/en\/\",\"name\":\"Thomas Numismatics\",\"description\":\"\",\"publisher\":{\"@id\":\"https:\/\/thomasnumismatics.com\/en\/#organization\"},\"potentialAction\":[{\"@type\":\"SearchAction\",\"target\":{\"@type\":\"EntryPoint\",\"urlTemplate\":\"https:\/\/thomasnumismatics.com\/en\/?s={search_term_string}\"},\"query-input\":{\"@type\":\"PropertyValueSpecification\",\"valueRequired\":true,\"valueName\":\"search_term_string\"}}],\"inLanguage\":\"en-US\"},{\"@type\":\"Organization\",\"@id\":\"https:\/\/thomasnumismatics.com\/en\/#organization\",\"name\":\"Thomas Numismatics\",\"url\":\"https:\/\/thomasnumismatics.com\/en\/\",\"logo\":{\"@type\":\"ImageObject\",\"inLanguage\":\"en-US\",\"@id\":\"https:\/\/thomasnumismatics.com\/en\/#\/schema\/logo\/image\/\",\"url\":\"https:\/\/thomasnumismatics.com\/wp-content\/uploads\/2020\/06\/thomas-numismatics-logo-email-1.png\",\"contentUrl\":\"https:\/\/thomasnumismatics.com\/wp-content\/uploads\/2020\/06\/thomas-numismatics-logo-email-1.png\",\"width\":350,\"height\":70,\"caption\":\"Thomas Numismatics\"},\"image\":{\"@id\":\"https:\/\/thomasnumismatics.com\/en\/#\/schema\/logo\/image\/\"},\"sameAs\":[\"https:\/\/www.facebook.com\/ThomasNumismatics\/\",\"https:\/\/www.instagram.com\/thomasnumismatics\/\"]}]}<\/script>","yoast_head_json":{"title":"Medal - Napoleon III - Medal in wood - Around 1860 - Fran\u00e7ois Lepage - Thomas Numismatics","robots":{"index":"index","follow":"follow","max-snippet":"max-snippet:-1","max-image-preview":"max-image-preview:large","max-video-preview":"max-video-preview:-1"},"canonical":"https:\/\/thomasnumismatics.com\/en\/shop\/medals-tokens\/medals-2\/medal-napoleon-iii-medal-in-wood-around-1860-francois-lepage\/","og_locale":"en_US","og_type":"article","og_title":"Medal - Napoleon III - Medal in wood - Around 1860 - Fran\u00e7ois Lepage - Thomas Numismatics","og_description":"Medal in wood - Around 1860 - Fran\u00e7ois Lepage","og_url":"https:\/\/thomasnumismatics.com\/en\/shop\/medals-tokens\/medals-2\/medal-napoleon-iii-medal-in-wood-around-1860-francois-lepage\/","og_site_name":"Thomas Numismatics","article_publisher":"https:\/\/www.facebook.com\/ThomasNumismatics\/","article_modified_time":"2025-10-31T12:59:32+00:00","og_image":[{"width":2560,"height":2560,"url":"https:\/\/thomasnumismatics.com\/wp-content\/uploads\/2023\/08\/napoleon-iii-medaille-en-bois-durci-vers-1860-francois-lepage-avers.jpg","type":"image\/jpeg"}],"twitter_card":"summary_large_image","twitter_misc":{"Est. reading time":"1 minute"},"schema":{"@context":"https:\/\/schema.org","@graph":[{"@type":"WebPage","@id":"https:\/\/thomasnumismatics.com\/en\/shop\/medals-tokens\/medals-2\/medal-napoleon-iii-medal-in-wood-around-1860-francois-lepage\/","url":"https:\/\/thomasnumismatics.com\/en\/shop\/medals-tokens\/medals-2\/medal-napoleon-iii-medal-in-wood-around-1860-francois-lepage\/","name":"Medal - Napoleon III - Medal in wood - Around 1860 - Fran\u00e7ois Lepage - Thomas Numismatics","isPartOf":{"@id":"https:\/\/thomasnumismatics.com\/en\/#website"},"primaryImageOfPage":{"@id":"https:\/\/thomasnumismatics.com\/en\/shop\/medals-tokens\/medals-2\/medal-napoleon-iii-medal-in-wood-around-1860-francois-lepage\/#primaryimage"},"image":{"@id":"https:\/\/thomasnumismatics.com\/en\/shop\/medals-tokens\/medals-2\/medal-napoleon-iii-medal-in-wood-around-1860-francois-lepage\/#primaryimage"},"thumbnailUrl":"https:\/\/thomasnumismatics.com\/wp-content\/uploads\/2023\/08\/napoleon-iii-medaille-en-bois-durci-vers-1860-francois-lepage-avers.jpg","datePublished":"2023-08-09T08:39:33+00:00","dateModified":"2025-10-31T12:59:32+00:00","breadcrumb":{"@id":"https:\/\/thomasnumismatics.com\/en\/shop\/medals-tokens\/medals-2\/medal-napoleon-iii-medal-in-wood-around-1860-francois-lepage\/#breadcrumb"},"inLanguage":"en-US","potentialAction":[{"@type":"ReadAction","target":["https:\/\/thomasnumismatics.com\/en\/shop\/medals-tokens\/medals-2\/medal-napoleon-iii-medal-in-wood-around-1860-francois-lepage\/"]}]},{"@type":"ImageObject","inLanguage":"en-US","@id":"https:\/\/thomasnumismatics.com\/en\/shop\/medals-tokens\/medals-2\/medal-napoleon-iii-medal-in-wood-around-1860-francois-lepage\/#primaryimage","url":"https:\/\/thomasnumismatics.com\/wp-content\/uploads\/2023\/08\/napoleon-iii-medaille-en-bois-durci-vers-1860-francois-lepage-avers.jpg","contentUrl":"https:\/\/thomasnumismatics.com\/wp-content\/uploads\/2023\/08\/napoleon-iii-medaille-en-bois-durci-vers-1860-francois-lepage-avers.jpg","width":2560,"height":2560,"caption":"Napol\u00e9on III - M\u00e9daille en bois durci - Vers 1860 - Fran\u00e7ois Lepage-Avers"},{"@type":"BreadcrumbList","@id":"https:\/\/thomasnumismatics.com\/en\/shop\/medals-tokens\/medals-2\/medal-napoleon-iii-medal-in-wood-around-1860-francois-lepage\/#breadcrumb","itemListElement":[{"@type":"ListItem","position":1,"name":"\u00a0","item":"https:\/\/thomasnumismatics.com\/en\/"},{"@type":"ListItem","position":2,"name":"Shop","item":"https:\/\/thomasnumismatics.com\/en\/shop\/"},{"@type":"ListItem","position":3,"name":"Medal &#8211; Napoleon III &#8211; Medal in wood &#8211; Around 1860 &#8211; Fran\u00e7ois Lepage"}]},{"@type":"WebSite","@id":"https:\/\/thomasnumismatics.com\/en\/#website","url":"https:\/\/thomasnumismatics.com\/en\/","name":"Thomas Numismatics","description":"","publisher":{"@id":"https:\/\/thomasnumismatics.com\/en\/#organization"},"potentialAction":[{"@type":"SearchAction","target":{"@type":"EntryPoint","urlTemplate":"https:\/\/thomasnumismatics.com\/en\/?s={search_term_string}"},"query-input":{"@type":"PropertyValueSpecification","valueRequired":true,"valueName":"search_term_string"}}],"inLanguage":"en-US"},{"@type":"Organization","@id":"https:\/\/thomasnumismatics.com\/en\/#organization","name":"Thomas Numismatics","url":"https:\/\/thomasnumismatics.com\/en\/","logo":{"@type":"ImageObject","inLanguage":"en-US","@id":"https:\/\/thomasnumismatics.com\/en\/#\/schema\/logo\/image\/","url":"https:\/\/thomasnumismatics.com\/wp-content\/uploads\/2020\/06\/thomas-numismatics-logo-email-1.png","contentUrl":"https:\/\/thomasnumismatics.com\/wp-content\/uploads\/2020\/06\/thomas-numismatics-logo-email-1.png","width":350,"height":70,"caption":"Thomas Numismatics"},"image":{"@id":"https:\/\/thomasnumismatics.com\/en\/#\/schema\/logo\/image\/"},"sameAs":["https:\/\/www.facebook.com\/ThomasNumismatics\/","https:\/\/www.instagram.com\/thomasnumismatics\/"]}]}},"_links":{"self":[{"href":"https:\/\/thomasnumismatics.com\/en\/wp-json\/wp\/v2\/product\/31228","targetHints":{"allow":["GET"]}}],"collection":[{"href":"https:\/\/thomasnumismatics.com\/en\/wp-json\/wp\/v2\/product"}],"about":[{"href":"https:\/\/thomasnumismatics.com\/en\/wp-json\/wp\/v2\/types\/product"}],"wp:featuredmedia":[{"embeddable":true,"href":"https:\/\/thomasnumismatics.com\/en\/wp-json\/wp\/v2\/media\/31184"}],"wp:attachment":[{"href":"https:\/\/thomasnumismatics.com\/en\/wp-json\/wp\/v2\/media?parent=31228"}],"wp:term":[{"taxonomy":"product_cat","embeddable":true,"href":"https:\/\/thomasnumismatics.com\/en\/wp-json\/wp\/v2\/product_cat?post=31228"},{"taxonomy":"product_tag","embeddable":true,"href":"https:\/\/thomasnumismatics.com\/en\/wp-json\/wp\/v2\/product_tag?post=31228"}],"curies":[{"name":"wp","href":"https:\/\/api.w.org\/{rel}","templated":true}]}}