{"id":4868,"date":"2021-03-12T13:43:58","date_gmt":"2021-03-09T14:43:59","guid":{"rendered":"https:\/\/thomasnumismatics.com\/?post_type=product&#038;p=4868"},"modified":"2023-09-29T11:50:37","modified_gmt":"2023-09-29T09:50:37","slug":"louis-xvi-gold-double-louis-dor-a-la-tete-nue-1786-a-paris-4-copie","status":"publish","type":"product","link":"https:\/\/thomasnumismatics.com\/en\/shop\/coins\/french-royal-coins\/louis-xvi-gold-double-louis-dor-a-la-tete-nue-1786-a-paris-4-copie\/","title":{"rendered":"Louis XVI &#8211; Gold Double Louis d&#8217;or \u00e0 la t\u00eate nue &#8211; 1786 A Paris -4"},"content":{"rendered":"<p>Very nice coin with bright original luster. Well struck with a sharp strike and fully mirrored. Wide planchet.<\/p>\n","protected":false},"excerpt":{"rendered":"<p>Gold &#8211; Double Louis d&#8217;or &#8211; \u00e0 la t\u00eate nue &#8211; 1786 A Paris &#8211; PCGS MS 62 &#8211; Probably from &#8211; treasure vend\u00e9e<\/p>\n","protected":false},"featured_media":5022,"template":"","meta":{"_acf_changed":false},"product_cat":[1848,2187,749,772],"product_tag":[],"class_list":{"0":"post-4868","1":"product","2":"type-product","3":"status-publish","4":"has-post-thumbnail","6":"product_cat-treasures","7":"product_cat-coins","8":"product_cat-french-royal-coins","9":"product_cat-louis-xvi-en","11":"first","12":"outofstock","13":"taxable","14":"shipping-taxable","15":"product-type-simple"},"acf":[],"yoast_head":"<title>Louis XVI - Gold Double Louis d&#039;or \u00e0 la t\u00eate nue - 1786 A Paris -4 - Thomas Numismatics<\/title>\n<meta name=\"robots\" content=\"index, follow, max-snippet:-1, max-image-preview:large, max-video-preview:-1\" \/>\n<link rel=\"canonical\" href=\"https:\/\/thomasnumismatics.com\/en\/shop\/coins\/french-royal-coins\/louis-xvi-gold-double-louis-dor-a-la-tete-nue-1786-a-paris-4-copie\/\" \/>\n<meta property=\"og:locale\" content=\"en_US\" \/>\n<meta property=\"og:type\" content=\"article\" \/>\n<meta property=\"og:title\" content=\"Louis XVI - Gold Double Louis d&#039;or \u00e0 la t\u00eate nue - 1786 A Paris -4 - Thomas Numismatics\" \/>\n<meta property=\"og:description\" content=\"Gold - Double Louis d&#039;or - \u00e0 la t\u00eate nue - 1786 A Paris - PCGS MS 62 - Probably from - treasure vend\u00e9e\" \/>\n<meta property=\"og:url\" content=\"https:\/\/thomasnumismatics.com\/en\/shop\/coins\/french-royal-coins\/louis-xvi-gold-double-louis-dor-a-la-tete-nue-1786-a-paris-4-copie\/\" \/>\n<meta property=\"og:site_name\" content=\"Thomas Numismatics\" \/>\n<meta property=\"article:publisher\" content=\"https:\/\/www.facebook.com\/ThomasNumismatics\/\" \/>\n<meta property=\"article:modified_time\" content=\"2023-09-29T09:50:37+00:00\" \/>\n<meta property=\"og:image\" content=\"https:\/\/thomasnumismatics.com\/wp-content\/uploads\/2021\/03\/double-louis-xvi-or-1786-a-tresor-vendee-pcgs-ms-62-avers-1-scaled.jpg\" \/>\n\t<meta property=\"og:image:width\" content=\"2560\" \/>\n\t<meta property=\"og:image:height\" content=\"2513\" \/>\n\t<meta property=\"og:image:type\" content=\"image\/jpeg\" \/>\n<meta name=\"twitter:card\" content=\"summary_large_image\" \/>\n<script type=\"application\/ld+json\" class=\"yoast-schema-graph\">{\"@context\":\"https:\/\/schema.org\",\"@graph\":[{\"@type\":\"WebPage\",\"@id\":\"https:\/\/thomasnumismatics.com\/en\/shop\/coins\/french-royal-coins\/louis-xvi-gold-double-louis-dor-a-la-tete-nue-1786-a-paris-4-copie\/\",\"url\":\"https:\/\/thomasnumismatics.com\/en\/shop\/coins\/french-royal-coins\/louis-xvi-gold-double-louis-dor-a-la-tete-nue-1786-a-paris-4-copie\/\",\"name\":\"Louis XVI - Gold Double Louis d'or \u00e0 la t\u00eate nue - 1786 A Paris -4 - Thomas Numismatics\",\"isPartOf\":{\"@id\":\"https:\/\/thomasnumismatics.com\/en\/#website\"},\"primaryImageOfPage\":{\"@id\":\"https:\/\/thomasnumismatics.com\/en\/shop\/coins\/french-royal-coins\/louis-xvi-gold-double-louis-dor-a-la-tete-nue-1786-a-paris-4-copie\/#primaryimage\"},\"image\":{\"@id\":\"https:\/\/thomasnumismatics.com\/en\/shop\/coins\/french-royal-coins\/louis-xvi-gold-double-louis-dor-a-la-tete-nue-1786-a-paris-4-copie\/#primaryimage\"},\"thumbnailUrl\":\"https:\/\/thomasnumismatics.com\/wp-content\/uploads\/2021\/03\/double-louis-xvi-or-1786-a-tresor-vendee-pcgs-ms-62-avers-1-scaled.jpg\",\"datePublished\":\"2021-03-09T14:43:59+00:00\",\"dateModified\":\"2023-09-29T09:50:37+00:00\",\"breadcrumb\":{\"@id\":\"https:\/\/thomasnumismatics.com\/en\/shop\/coins\/french-royal-coins\/louis-xvi-gold-double-louis-dor-a-la-tete-nue-1786-a-paris-4-copie\/#breadcrumb\"},\"inLanguage\":\"en-US\",\"potentialAction\":[{\"@type\":\"ReadAction\",\"target\":[\"https:\/\/thomasnumismatics.com\/en\/shop\/coins\/french-royal-coins\/louis-xvi-gold-double-louis-dor-a-la-tete-nue-1786-a-paris-4-copie\/\"]}]},{\"@type\":\"ImageObject\",\"inLanguage\":\"en-US\",\"@id\":\"https:\/\/thomasnumismatics.com\/en\/shop\/coins\/french-royal-coins\/louis-xvi-gold-double-louis-dor-a-la-tete-nue-1786-a-paris-4-copie\/#primaryimage\",\"url\":\"https:\/\/thomasnumismatics.com\/wp-content\/uploads\/2021\/03\/double-louis-xvi-or-1786-a-tresor-vendee-pcgs-ms-62-avers-1-scaled.jpg\",\"contentUrl\":\"https:\/\/thomasnumismatics.com\/wp-content\/uploads\/2021\/03\/double-louis-xvi-or-1786-a-tresor-vendee-pcgs-ms-62-avers-1-scaled.jpg\",\"width\":2560,\"height\":2513,\"caption\":\"Double louis xvi gold or 1786 A treasure vendee PCGS MS 62 obverse\"},{\"@type\":\"BreadcrumbList\",\"@id\":\"https:\/\/thomasnumismatics.com\/en\/shop\/coins\/french-royal-coins\/louis-xvi-gold-double-louis-dor-a-la-tete-nue-1786-a-paris-4-copie\/#breadcrumb\",\"itemListElement\":[{\"@type\":\"ListItem\",\"position\":1,\"name\":\"\u00a0\",\"item\":\"https:\/\/thomasnumismatics.com\/en\/\"},{\"@type\":\"ListItem\",\"position\":2,\"name\":\"Shop\",\"item\":\"https:\/\/thomasnumismatics.com\/en\/shop\/\"},{\"@type\":\"ListItem\",\"position\":3,\"name\":\"Louis XVI &#8211; Gold Double Louis d&#8217;or \u00e0 la t\u00eate nue &#8211; 1786 A Paris -4\"}]},{\"@type\":\"WebSite\",\"@id\":\"https:\/\/thomasnumismatics.com\/en\/#website\",\"url\":\"https:\/\/thomasnumismatics.com\/en\/\",\"name\":\"Thomas Numismatics\",\"description\":\"\",\"publisher\":{\"@id\":\"https:\/\/thomasnumismatics.com\/en\/#organization\"},\"potentialAction\":[{\"@type\":\"SearchAction\",\"target\":{\"@type\":\"EntryPoint\",\"urlTemplate\":\"https:\/\/thomasnumismatics.com\/en\/?s={search_term_string}\"},\"query-input\":{\"@type\":\"PropertyValueSpecification\",\"valueRequired\":true,\"valueName\":\"search_term_string\"}}],\"inLanguage\":\"en-US\"},{\"@type\":\"Organization\",\"@id\":\"https:\/\/thomasnumismatics.com\/en\/#organization\",\"name\":\"Thomas Numismatics\",\"url\":\"https:\/\/thomasnumismatics.com\/en\/\",\"logo\":{\"@type\":\"ImageObject\",\"inLanguage\":\"en-US\",\"@id\":\"https:\/\/thomasnumismatics.com\/en\/#\/schema\/logo\/image\/\",\"url\":\"https:\/\/thomasnumismatics.com\/wp-content\/uploads\/2020\/06\/thomas-numismatics-logo-email-1.png\",\"contentUrl\":\"https:\/\/thomasnumismatics.com\/wp-content\/uploads\/2020\/06\/thomas-numismatics-logo-email-1.png\",\"width\":350,\"height\":70,\"caption\":\"Thomas Numismatics\"},\"image\":{\"@id\":\"https:\/\/thomasnumismatics.com\/en\/#\/schema\/logo\/image\/\"},\"sameAs\":[\"https:\/\/www.facebook.com\/ThomasNumismatics\/\",\"https:\/\/www.instagram.com\/thomasnumismatics\/\"]}]}<\/script>","yoast_head_json":{"title":"Louis XVI - Gold Double Louis d'or \u00e0 la t\u00eate nue - 1786 A Paris -4 - Thomas Numismatics","robots":{"index":"index","follow":"follow","max-snippet":"max-snippet:-1","max-image-preview":"max-image-preview:large","max-video-preview":"max-video-preview:-1"},"canonical":"https:\/\/thomasnumismatics.com\/en\/shop\/coins\/french-royal-coins\/louis-xvi-gold-double-louis-dor-a-la-tete-nue-1786-a-paris-4-copie\/","og_locale":"en_US","og_type":"article","og_title":"Louis XVI - Gold Double Louis d'or \u00e0 la t\u00eate nue - 1786 A Paris -4 - Thomas Numismatics","og_description":"Gold - Double Louis d'or - \u00e0 la t\u00eate nue - 1786 A Paris - PCGS MS 62 - Probably from - treasure vend\u00e9e","og_url":"https:\/\/thomasnumismatics.com\/en\/shop\/coins\/french-royal-coins\/louis-xvi-gold-double-louis-dor-a-la-tete-nue-1786-a-paris-4-copie\/","og_site_name":"Thomas Numismatics","article_publisher":"https:\/\/www.facebook.com\/ThomasNumismatics\/","article_modified_time":"2023-09-29T09:50:37+00:00","og_image":[{"width":2560,"height":2513,"url":"https:\/\/thomasnumismatics.com\/wp-content\/uploads\/2021\/03\/double-louis-xvi-or-1786-a-tresor-vendee-pcgs-ms-62-avers-1-scaled.jpg","type":"image\/jpeg"}],"twitter_card":"summary_large_image","schema":{"@context":"https:\/\/schema.org","@graph":[{"@type":"WebPage","@id":"https:\/\/thomasnumismatics.com\/en\/shop\/coins\/french-royal-coins\/louis-xvi-gold-double-louis-dor-a-la-tete-nue-1786-a-paris-4-copie\/","url":"https:\/\/thomasnumismatics.com\/en\/shop\/coins\/french-royal-coins\/louis-xvi-gold-double-louis-dor-a-la-tete-nue-1786-a-paris-4-copie\/","name":"Louis XVI - Gold Double Louis d'or \u00e0 la t\u00eate nue - 1786 A Paris -4 - Thomas Numismatics","isPartOf":{"@id":"https:\/\/thomasnumismatics.com\/en\/#website"},"primaryImageOfPage":{"@id":"https:\/\/thomasnumismatics.com\/en\/shop\/coins\/french-royal-coins\/louis-xvi-gold-double-louis-dor-a-la-tete-nue-1786-a-paris-4-copie\/#primaryimage"},"image":{"@id":"https:\/\/thomasnumismatics.com\/en\/shop\/coins\/french-royal-coins\/louis-xvi-gold-double-louis-dor-a-la-tete-nue-1786-a-paris-4-copie\/#primaryimage"},"thumbnailUrl":"https:\/\/thomasnumismatics.com\/wp-content\/uploads\/2021\/03\/double-louis-xvi-or-1786-a-tresor-vendee-pcgs-ms-62-avers-1-scaled.jpg","datePublished":"2021-03-09T14:43:59+00:00","dateModified":"2023-09-29T09:50:37+00:00","breadcrumb":{"@id":"https:\/\/thomasnumismatics.com\/en\/shop\/coins\/french-royal-coins\/louis-xvi-gold-double-louis-dor-a-la-tete-nue-1786-a-paris-4-copie\/#breadcrumb"},"inLanguage":"en-US","potentialAction":[{"@type":"ReadAction","target":["https:\/\/thomasnumismatics.com\/en\/shop\/coins\/french-royal-coins\/louis-xvi-gold-double-louis-dor-a-la-tete-nue-1786-a-paris-4-copie\/"]}]},{"@type":"ImageObject","inLanguage":"en-US","@id":"https:\/\/thomasnumismatics.com\/en\/shop\/coins\/french-royal-coins\/louis-xvi-gold-double-louis-dor-a-la-tete-nue-1786-a-paris-4-copie\/#primaryimage","url":"https:\/\/thomasnumismatics.com\/wp-content\/uploads\/2021\/03\/double-louis-xvi-or-1786-a-tresor-vendee-pcgs-ms-62-avers-1-scaled.jpg","contentUrl":"https:\/\/thomasnumismatics.com\/wp-content\/uploads\/2021\/03\/double-louis-xvi-or-1786-a-tresor-vendee-pcgs-ms-62-avers-1-scaled.jpg","width":2560,"height":2513,"caption":"Double louis xvi gold or 1786 A treasure vendee PCGS MS 62 obverse"},{"@type":"BreadcrumbList","@id":"https:\/\/thomasnumismatics.com\/en\/shop\/coins\/french-royal-coins\/louis-xvi-gold-double-louis-dor-a-la-tete-nue-1786-a-paris-4-copie\/#breadcrumb","itemListElement":[{"@type":"ListItem","position":1,"name":"\u00a0","item":"https:\/\/thomasnumismatics.com\/en\/"},{"@type":"ListItem","position":2,"name":"Shop","item":"https:\/\/thomasnumismatics.com\/en\/shop\/"},{"@type":"ListItem","position":3,"name":"Louis XVI &#8211; Gold Double Louis d&#8217;or \u00e0 la t\u00eate nue &#8211; 1786 A Paris -4"}]},{"@type":"WebSite","@id":"https:\/\/thomasnumismatics.com\/en\/#website","url":"https:\/\/thomasnumismatics.com\/en\/","name":"Thomas Numismatics","description":"","publisher":{"@id":"https:\/\/thomasnumismatics.com\/en\/#organization"},"potentialAction":[{"@type":"SearchAction","target":{"@type":"EntryPoint","urlTemplate":"https:\/\/thomasnumismatics.com\/en\/?s={search_term_string}"},"query-input":{"@type":"PropertyValueSpecification","valueRequired":true,"valueName":"search_term_string"}}],"inLanguage":"en-US"},{"@type":"Organization","@id":"https:\/\/thomasnumismatics.com\/en\/#organization","name":"Thomas Numismatics","url":"https:\/\/thomasnumismatics.com\/en\/","logo":{"@type":"ImageObject","inLanguage":"en-US","@id":"https:\/\/thomasnumismatics.com\/en\/#\/schema\/logo\/image\/","url":"https:\/\/thomasnumismatics.com\/wp-content\/uploads\/2020\/06\/thomas-numismatics-logo-email-1.png","contentUrl":"https:\/\/thomasnumismatics.com\/wp-content\/uploads\/2020\/06\/thomas-numismatics-logo-email-1.png","width":350,"height":70,"caption":"Thomas Numismatics"},"image":{"@id":"https:\/\/thomasnumismatics.com\/en\/#\/schema\/logo\/image\/"},"sameAs":["https:\/\/www.facebook.com\/ThomasNumismatics\/","https:\/\/www.instagram.com\/thomasnumismatics\/"]}]}},"_links":{"self":[{"href":"https:\/\/thomasnumismatics.com\/en\/wp-json\/wp\/v2\/product\/4868","targetHints":{"allow":["GET"]}}],"collection":[{"href":"https:\/\/thomasnumismatics.com\/en\/wp-json\/wp\/v2\/product"}],"about":[{"href":"https:\/\/thomasnumismatics.com\/en\/wp-json\/wp\/v2\/types\/product"}],"wp:featuredmedia":[{"embeddable":true,"href":"https:\/\/thomasnumismatics.com\/en\/wp-json\/wp\/v2\/media\/5022"}],"wp:attachment":[{"href":"https:\/\/thomasnumismatics.com\/en\/wp-json\/wp\/v2\/media?parent=4868"}],"wp:term":[{"taxonomy":"product_cat","embeddable":true,"href":"https:\/\/thomasnumismatics.com\/en\/wp-json\/wp\/v2\/product_cat?post=4868"},{"taxonomy":"product_tag","embeddable":true,"href":"https:\/\/thomasnumismatics.com\/en\/wp-json\/wp\/v2\/product_tag?post=4868"}],"curies":[{"name":"wp","href":"https:\/\/api.w.org\/{rel}","templated":true}]}}