{"id":67687,"date":"2025-07-15T10:15:28","date_gmt":"2025-07-15T08:15:28","guid":{"rendered":"https:\/\/thomasnumismatics.com\/acheter\/uncategorized\/coin-france-napoleon-ier-gold-20-francs-or-1815-a-paris-geni-au-58\/"},"modified":"2025-07-15T10:15:28","modified_gmt":"2025-07-15T08:15:28","slug":"coin-france-napoleon-ier-gold-20-francs-or-1815-a-paris-geni-au-58","status":"publish","type":"product","link":"https:\/\/thomasnumismatics.com\/en\/shop\/coins\/french-modern-coins\/coin-france-napoleon-ier-gold-20-francs-or-1815-a-paris-geni-au-58\/","title":{"rendered":"Coin France &#8211; Napol\u00e9on Ier &#8211; Gold &#8211;  20 Francs or &#8211; 1815 A Paris &#8211; Geni AU 58"},"content":{"rendered":"<p>Coin with bright original luster. Superb example.<\/p>\n<p>Coin certified GENI AU 58.<\/p>\n<p><strong>\u201cLes Cent-Jours\u201d<\/strong> est une p\u00e9riode de l\u2019histoire fran\u00e7aise constituant le dernier \u00e9pisode du premier empire. \u00a0Retour en France de l\u2019empereur Napol\u00e9on Ier \u00e0 Paris le 1er Mars 1815 \u00e0 sa seconde abdication le 22 juin 1815.<\/p>\n","protected":false},"excerpt":{"rendered":"<p>Gold &#8211; 20 Francs or &#8211; 1815 A Paris &#8211; Hundred Days &#8211; GENI AU 58<\/p>\n<div id=\"gtx-trans\" style=\"position: absolute; left: 363px; top: 37.6211px;\">\n<div class=\"gtx-trans-icon\"><\/div>\n<\/div>\n","protected":false},"featured_media":67679,"template":"","meta":{"_acf_changed":false},"product_cat":[1229,2187,761],"product_tag":[],"class_list":{"0":"post-67687","1":"product","2":"type-product","3":"status-publish","4":"has-post-thumbnail","6":"product_cat-napoleon-i","7":"product_cat-coins","8":"product_cat-french-modern-coins","9":"pa_certification-geni-en","11":"first","12":"outofstock","13":"taxable","14":"shipping-taxable","15":"product-type-simple"},"acf":[],"yoast_head":"<title>Coin France - Napol\u00e9on Ier - Gold - 20 Francs or - 1815 A Paris - Geni AU 58 - Thomas Numismatics<\/title>\n<meta name=\"robots\" content=\"index, follow, max-snippet:-1, max-image-preview:large, max-video-preview:-1\" \/>\n<link rel=\"canonical\" href=\"https:\/\/thomasnumismatics.com\/en\/shop\/coins\/french-modern-coins\/coin-france-napoleon-ier-gold-20-francs-or-1815-a-paris-geni-au-58\/\" \/>\n<meta property=\"og:locale\" content=\"en_US\" \/>\n<meta property=\"og:type\" content=\"article\" \/>\n<meta property=\"og:title\" content=\"Coin France - Napol\u00e9on Ier - Gold - 20 Francs or - 1815 A Paris - Geni AU 58 - Thomas Numismatics\" \/>\n<meta property=\"og:description\" content=\"Gold - 20 Francs or - 1815 A Paris - Hundred Days - GENI AU 58\" \/>\n<meta property=\"og:url\" content=\"https:\/\/thomasnumismatics.com\/en\/shop\/coins\/french-modern-coins\/coin-france-napoleon-ier-gold-20-francs-or-1815-a-paris-geni-au-58\/\" \/>\n<meta property=\"og:site_name\" content=\"Thomas Numismatics\" \/>\n<meta property=\"article:publisher\" content=\"https:\/\/www.facebook.com\/ThomasNumismatics\/\" \/>\n<meta property=\"og:image\" content=\"https:\/\/thomasnumismatics.com\/wp-content\/uploads\/2025\/07\/monnaie-france-napoleon-ier-20-francs-or-1815-a-paris-geni-au-58-avers-1024x1024.jpg\" \/>\n\t<meta property=\"og:image:width\" content=\"1024\" \/>\n\t<meta property=\"og:image:height\" content=\"1024\" \/>\n\t<meta property=\"og:image:type\" content=\"image\/jpeg\" \/>\n<meta name=\"twitter:card\" content=\"summary_large_image\" \/>\n<script type=\"application\/ld+json\" class=\"yoast-schema-graph\">{\"@context\":\"https:\/\/schema.org\",\"@graph\":[{\"@type\":\"WebPage\",\"@id\":\"https:\/\/thomasnumismatics.com\/en\/shop\/coins\/french-modern-coins\/coin-france-napoleon-ier-gold-20-francs-or-1815-a-paris-geni-au-58\/\",\"url\":\"https:\/\/thomasnumismatics.com\/en\/shop\/coins\/french-modern-coins\/coin-france-napoleon-ier-gold-20-francs-or-1815-a-paris-geni-au-58\/\",\"name\":\"Coin France - Napol\u00e9on Ier - Gold - 20 Francs or - 1815 A Paris - Geni AU 58 - Thomas Numismatics\",\"isPartOf\":{\"@id\":\"https:\/\/thomasnumismatics.com\/en\/#website\"},\"primaryImageOfPage\":{\"@id\":\"https:\/\/thomasnumismatics.com\/en\/shop\/coins\/french-modern-coins\/coin-france-napoleon-ier-gold-20-francs-or-1815-a-paris-geni-au-58\/#primaryimage\"},\"image\":{\"@id\":\"https:\/\/thomasnumismatics.com\/en\/shop\/coins\/french-modern-coins\/coin-france-napoleon-ier-gold-20-francs-or-1815-a-paris-geni-au-58\/#primaryimage\"},\"thumbnailUrl\":\"https:\/\/thomasnumismatics.com\/wp-content\/uploads\/2025\/07\/monnaie-france-napoleon-ier-20-francs-or-1815-a-paris-geni-au-58-avers-scaled.jpg\",\"datePublished\":\"2025-07-15T08:15:28+00:00\",\"breadcrumb\":{\"@id\":\"https:\/\/thomasnumismatics.com\/en\/shop\/coins\/french-modern-coins\/coin-france-napoleon-ier-gold-20-francs-or-1815-a-paris-geni-au-58\/#breadcrumb\"},\"inLanguage\":\"en-US\",\"potentialAction\":[{\"@type\":\"ReadAction\",\"target\":[\"https:\/\/thomasnumismatics.com\/en\/shop\/coins\/french-modern-coins\/coin-france-napoleon-ier-gold-20-francs-or-1815-a-paris-geni-au-58\/\"]}]},{\"@type\":\"ImageObject\",\"inLanguage\":\"en-US\",\"@id\":\"https:\/\/thomasnumismatics.com\/en\/shop\/coins\/french-modern-coins\/coin-france-napoleon-ier-gold-20-francs-or-1815-a-paris-geni-au-58\/#primaryimage\",\"url\":\"https:\/\/thomasnumismatics.com\/wp-content\/uploads\/2025\/07\/monnaie-france-napoleon-ier-20-francs-or-1815-a-paris-geni-au-58-avers-scaled.jpg\",\"contentUrl\":\"https:\/\/thomasnumismatics.com\/wp-content\/uploads\/2025\/07\/monnaie-france-napoleon-ier-20-francs-or-1815-a-paris-geni-au-58-avers-scaled.jpg\",\"width\":2500,\"height\":2500,\"caption\":\"Coin France - Napol\u00e9on Ier - Gold - 20 Francs or - 1815 A Paris - Geni AU 58 obverse\"},{\"@type\":\"BreadcrumbList\",\"@id\":\"https:\/\/thomasnumismatics.com\/en\/shop\/coins\/french-modern-coins\/coin-france-napoleon-ier-gold-20-francs-or-1815-a-paris-geni-au-58\/#breadcrumb\",\"itemListElement\":[{\"@type\":\"ListItem\",\"position\":1,\"name\":\"\u00a0\",\"item\":\"https:\/\/thomasnumismatics.com\/en\/\"},{\"@type\":\"ListItem\",\"position\":2,\"name\":\"Shop\",\"item\":\"https:\/\/thomasnumismatics.com\/en\/shop\/\"},{\"@type\":\"ListItem\",\"position\":3,\"name\":\"Coin France &#8211; Napol\u00e9on Ier &#8211; Gold &#8211; 20 Francs or &#8211; 1815 A Paris &#8211; Geni AU 58\"}]},{\"@type\":\"WebSite\",\"@id\":\"https:\/\/thomasnumismatics.com\/en\/#website\",\"url\":\"https:\/\/thomasnumismatics.com\/en\/\",\"name\":\"Thomas Numismatics\",\"description\":\"\",\"publisher\":{\"@id\":\"https:\/\/thomasnumismatics.com\/en\/#organization\"},\"potentialAction\":[{\"@type\":\"SearchAction\",\"target\":{\"@type\":\"EntryPoint\",\"urlTemplate\":\"https:\/\/thomasnumismatics.com\/en\/?s={search_term_string}\"},\"query-input\":{\"@type\":\"PropertyValueSpecification\",\"valueRequired\":true,\"valueName\":\"search_term_string\"}}],\"inLanguage\":\"en-US\"},{\"@type\":\"Organization\",\"@id\":\"https:\/\/thomasnumismatics.com\/en\/#organization\",\"name\":\"Thomas Numismatics\",\"url\":\"https:\/\/thomasnumismatics.com\/en\/\",\"logo\":{\"@type\":\"ImageObject\",\"inLanguage\":\"en-US\",\"@id\":\"https:\/\/thomasnumismatics.com\/en\/#\/schema\/logo\/image\/\",\"url\":\"https:\/\/thomasnumismatics.com\/wp-content\/uploads\/2020\/06\/thomas-numismatics-logo-email-1.png\",\"contentUrl\":\"https:\/\/thomasnumismatics.com\/wp-content\/uploads\/2020\/06\/thomas-numismatics-logo-email-1.png\",\"width\":350,\"height\":70,\"caption\":\"Thomas Numismatics\"},\"image\":{\"@id\":\"https:\/\/thomasnumismatics.com\/en\/#\/schema\/logo\/image\/\"},\"sameAs\":[\"https:\/\/www.facebook.com\/ThomasNumismatics\/\",\"https:\/\/www.instagram.com\/thomasnumismatics\/\"]}]}<\/script>","yoast_head_json":{"title":"Coin France - Napol\u00e9on Ier - Gold - 20 Francs or - 1815 A Paris - Geni AU 58 - Thomas Numismatics","robots":{"index":"index","follow":"follow","max-snippet":"max-snippet:-1","max-image-preview":"max-image-preview:large","max-video-preview":"max-video-preview:-1"},"canonical":"https:\/\/thomasnumismatics.com\/en\/shop\/coins\/french-modern-coins\/coin-france-napoleon-ier-gold-20-francs-or-1815-a-paris-geni-au-58\/","og_locale":"en_US","og_type":"article","og_title":"Coin France - Napol\u00e9on Ier - Gold - 20 Francs or - 1815 A Paris - Geni AU 58 - Thomas Numismatics","og_description":"Gold - 20 Francs or - 1815 A Paris - Hundred Days - GENI AU 58","og_url":"https:\/\/thomasnumismatics.com\/en\/shop\/coins\/french-modern-coins\/coin-france-napoleon-ier-gold-20-francs-or-1815-a-paris-geni-au-58\/","og_site_name":"Thomas Numismatics","article_publisher":"https:\/\/www.facebook.com\/ThomasNumismatics\/","og_image":[{"width":1024,"height":1024,"url":"https:\/\/thomasnumismatics.com\/wp-content\/uploads\/2025\/07\/monnaie-france-napoleon-ier-20-francs-or-1815-a-paris-geni-au-58-avers-1024x1024.jpg","type":"image\/jpeg"}],"twitter_card":"summary_large_image","schema":{"@context":"https:\/\/schema.org","@graph":[{"@type":"WebPage","@id":"https:\/\/thomasnumismatics.com\/en\/shop\/coins\/french-modern-coins\/coin-france-napoleon-ier-gold-20-francs-or-1815-a-paris-geni-au-58\/","url":"https:\/\/thomasnumismatics.com\/en\/shop\/coins\/french-modern-coins\/coin-france-napoleon-ier-gold-20-francs-or-1815-a-paris-geni-au-58\/","name":"Coin France - Napol\u00e9on Ier - Gold - 20 Francs or - 1815 A Paris - Geni AU 58 - Thomas Numismatics","isPartOf":{"@id":"https:\/\/thomasnumismatics.com\/en\/#website"},"primaryImageOfPage":{"@id":"https:\/\/thomasnumismatics.com\/en\/shop\/coins\/french-modern-coins\/coin-france-napoleon-ier-gold-20-francs-or-1815-a-paris-geni-au-58\/#primaryimage"},"image":{"@id":"https:\/\/thomasnumismatics.com\/en\/shop\/coins\/french-modern-coins\/coin-france-napoleon-ier-gold-20-francs-or-1815-a-paris-geni-au-58\/#primaryimage"},"thumbnailUrl":"https:\/\/thomasnumismatics.com\/wp-content\/uploads\/2025\/07\/monnaie-france-napoleon-ier-20-francs-or-1815-a-paris-geni-au-58-avers-scaled.jpg","datePublished":"2025-07-15T08:15:28+00:00","breadcrumb":{"@id":"https:\/\/thomasnumismatics.com\/en\/shop\/coins\/french-modern-coins\/coin-france-napoleon-ier-gold-20-francs-or-1815-a-paris-geni-au-58\/#breadcrumb"},"inLanguage":"en-US","potentialAction":[{"@type":"ReadAction","target":["https:\/\/thomasnumismatics.com\/en\/shop\/coins\/french-modern-coins\/coin-france-napoleon-ier-gold-20-francs-or-1815-a-paris-geni-au-58\/"]}]},{"@type":"ImageObject","inLanguage":"en-US","@id":"https:\/\/thomasnumismatics.com\/en\/shop\/coins\/french-modern-coins\/coin-france-napoleon-ier-gold-20-francs-or-1815-a-paris-geni-au-58\/#primaryimage","url":"https:\/\/thomasnumismatics.com\/wp-content\/uploads\/2025\/07\/monnaie-france-napoleon-ier-20-francs-or-1815-a-paris-geni-au-58-avers-scaled.jpg","contentUrl":"https:\/\/thomasnumismatics.com\/wp-content\/uploads\/2025\/07\/monnaie-france-napoleon-ier-20-francs-or-1815-a-paris-geni-au-58-avers-scaled.jpg","width":2500,"height":2500,"caption":"Coin France - Napol\u00e9on Ier - Gold - 20 Francs or - 1815 A Paris - Geni AU 58 obverse"},{"@type":"BreadcrumbList","@id":"https:\/\/thomasnumismatics.com\/en\/shop\/coins\/french-modern-coins\/coin-france-napoleon-ier-gold-20-francs-or-1815-a-paris-geni-au-58\/#breadcrumb","itemListElement":[{"@type":"ListItem","position":1,"name":"\u00a0","item":"https:\/\/thomasnumismatics.com\/en\/"},{"@type":"ListItem","position":2,"name":"Shop","item":"https:\/\/thomasnumismatics.com\/en\/shop\/"},{"@type":"ListItem","position":3,"name":"Coin France &#8211; Napol\u00e9on Ier &#8211; Gold &#8211; 20 Francs or &#8211; 1815 A Paris &#8211; Geni AU 58"}]},{"@type":"WebSite","@id":"https:\/\/thomasnumismatics.com\/en\/#website","url":"https:\/\/thomasnumismatics.com\/en\/","name":"Thomas Numismatics","description":"","publisher":{"@id":"https:\/\/thomasnumismatics.com\/en\/#organization"},"potentialAction":[{"@type":"SearchAction","target":{"@type":"EntryPoint","urlTemplate":"https:\/\/thomasnumismatics.com\/en\/?s={search_term_string}"},"query-input":{"@type":"PropertyValueSpecification","valueRequired":true,"valueName":"search_term_string"}}],"inLanguage":"en-US"},{"@type":"Organization","@id":"https:\/\/thomasnumismatics.com\/en\/#organization","name":"Thomas Numismatics","url":"https:\/\/thomasnumismatics.com\/en\/","logo":{"@type":"ImageObject","inLanguage":"en-US","@id":"https:\/\/thomasnumismatics.com\/en\/#\/schema\/logo\/image\/","url":"https:\/\/thomasnumismatics.com\/wp-content\/uploads\/2020\/06\/thomas-numismatics-logo-email-1.png","contentUrl":"https:\/\/thomasnumismatics.com\/wp-content\/uploads\/2020\/06\/thomas-numismatics-logo-email-1.png","width":350,"height":70,"caption":"Thomas Numismatics"},"image":{"@id":"https:\/\/thomasnumismatics.com\/en\/#\/schema\/logo\/image\/"},"sameAs":["https:\/\/www.facebook.com\/ThomasNumismatics\/","https:\/\/www.instagram.com\/thomasnumismatics\/"]}]}},"_links":{"self":[{"href":"https:\/\/thomasnumismatics.com\/en\/wp-json\/wp\/v2\/product\/67687","targetHints":{"allow":["GET"]}}],"collection":[{"href":"https:\/\/thomasnumismatics.com\/en\/wp-json\/wp\/v2\/product"}],"about":[{"href":"https:\/\/thomasnumismatics.com\/en\/wp-json\/wp\/v2\/types\/product"}],"wp:featuredmedia":[{"embeddable":true,"href":"https:\/\/thomasnumismatics.com\/en\/wp-json\/wp\/v2\/media\/67679"}],"wp:attachment":[{"href":"https:\/\/thomasnumismatics.com\/en\/wp-json\/wp\/v2\/media?parent=67687"}],"wp:term":[{"taxonomy":"product_cat","embeddable":true,"href":"https:\/\/thomasnumismatics.com\/en\/wp-json\/wp\/v2\/product_cat?post=67687"},{"taxonomy":"product_tag","embeddable":true,"href":"https:\/\/thomasnumismatics.com\/en\/wp-json\/wp\/v2\/product_tag?post=67687"}],"curies":[{"name":"wp","href":"https:\/\/api.w.org\/{rel}","templated":true}]}}