{"id":67959,"date":"2025-07-18T09:00:01","date_gmt":"2025-07-18T07:00:01","guid":{"rendered":"https:\/\/thomasnumismatics.com\/acheter\/uncategorized\/lot-of-4-coins-charles-ix-henri-iii-teston-tete-lauree-demi-franc-col-plat-teston\/"},"modified":"2025-09-12T11:17:56","modified_gmt":"2025-09-12T09:17:56","slug":"lot-of-4-coins-charles-ix-henri-iii-teston-tete-lauree-demi-franc-col-plat-teston","status":"publish","type":"product","link":"https:\/\/thomasnumismatics.com\/en\/shop\/coins\/french-royal-coins\/lot-of-4-coins-charles-ix-henri-iii-teston-tete-lauree-demi-franc-col-plat-teston\/","title":{"rendered":"Lot of 4 coins &#8211; Charles IX &#8211; Henri III &#8211; Teston T\u00eate Laur\u00e9e &#8211; Demi Franc Col Plat &#8211; Teston"},"content":{"rendered":"<p>Quality : XF<\/p>\n<p>Charles IX Teston \u00e0 la T\u00eate Laur\u00e9e Type 2 &#8211; 1563 Rennes<\/p>\n<p>Charles IX Teston \u00e0 la T\u00eate Laur\u00e9e Type 4 &#8211; 1562 L Bayonne<\/p>\n<p>Henri III au nom de Charles IX Teston Type 11 &#8211; 1575 D Lyon<\/p>\n<p>Henri III Demi Franc \u00e0 Col Plat &#8211; 1590 M Toulouse<\/p>\n","protected":false},"excerpt":{"rendered":"<p>Lot of 4 coins &#8211; Testons and 1\/2 Franc<\/p>\n","protected":false},"featured_media":66993,"template":"","meta":{"_acf_changed":false},"product_cat":[3280,2187,749,1222],"product_tag":[],"class_list":{"0":"post-67959","1":"product","2":"type-product","3":"status-publish","4":"has-post-thumbnail","6":"product_cat-charles-ix-en","7":"product_cat-coins","8":"product_cat-french-royal-coins","9":"product_cat-henri-iii-en","11":"first","12":"instock","13":"taxable","14":"shipping-taxable","15":"purchasable","16":"product-type-simple"},"acf":[],"yoast_head":"<title>Lot of 4 coins - Charles IX - Henri III - Teston T\u00eate Laur\u00e9e - Demi Franc Col Plat - Teston - Thomas Numismatics<\/title>\n<meta name=\"robots\" content=\"index, follow, max-snippet:-1, max-image-preview:large, max-video-preview:-1\" \/>\n<link rel=\"canonical\" href=\"https:\/\/thomasnumismatics.com\/en\/shop\/coins\/french-royal-coins\/lot-of-4-coins-charles-ix-henri-iii-teston-tete-lauree-demi-franc-col-plat-teston\/\" \/>\n<meta property=\"og:locale\" content=\"en_US\" \/>\n<meta property=\"og:type\" content=\"article\" \/>\n<meta property=\"og:title\" content=\"Lot of 4 coins - Charles IX - Henri III - Teston T\u00eate Laur\u00e9e - Demi Franc Col Plat - Teston - Thomas Numismatics\" \/>\n<meta property=\"og:description\" content=\"Lot of 4 coins - Testons and 1\/2 Franc\" \/>\n<meta property=\"og:url\" content=\"https:\/\/thomasnumismatics.com\/en\/shop\/coins\/french-royal-coins\/lot-of-4-coins-charles-ix-henri-iii-teston-tete-lauree-demi-franc-col-plat-teston\/\" \/>\n<meta property=\"og:site_name\" content=\"Thomas Numismatics\" \/>\n<meta property=\"article:publisher\" content=\"https:\/\/www.facebook.com\/ThomasNumismatics\/\" \/>\n<meta property=\"article:modified_time\" content=\"2025-09-12T09:17:56+00:00\" \/>\n<meta property=\"og:image\" content=\"https:\/\/thomasnumismatics.com\/wp-content\/uploads\/2025\/06\/lot-4-monnaies-charles-ix-henri-iii-teston-tete-lauree-demi-franc-cal-plat-teston-avers-scaled.jpg\" \/>\n\t<meta property=\"og:image:width\" content=\"2500\" \/>\n\t<meta property=\"og:image:height\" content=\"2500\" \/>\n\t<meta property=\"og:image:type\" content=\"image\/jpeg\" \/>\n<meta name=\"twitter:card\" content=\"summary_large_image\" \/>\n<meta name=\"twitter:label1\" content=\"Est. reading time\" \/>\n\t<meta name=\"twitter:data1\" content=\"1 minute\" \/>\n<script type=\"application\/ld+json\" class=\"yoast-schema-graph\">{\"@context\":\"https:\/\/schema.org\",\"@graph\":[{\"@type\":\"WebPage\",\"@id\":\"https:\/\/thomasnumismatics.com\/en\/shop\/coins\/french-royal-coins\/lot-of-4-coins-charles-ix-henri-iii-teston-tete-lauree-demi-franc-col-plat-teston\/\",\"url\":\"https:\/\/thomasnumismatics.com\/en\/shop\/coins\/french-royal-coins\/lot-of-4-coins-charles-ix-henri-iii-teston-tete-lauree-demi-franc-col-plat-teston\/\",\"name\":\"Lot of 4 coins - Charles IX - Henri III - Teston T\u00eate Laur\u00e9e - Demi Franc Col Plat - Teston - Thomas Numismatics\",\"isPartOf\":{\"@id\":\"https:\/\/thomasnumismatics.com\/en\/#website\"},\"primaryImageOfPage\":{\"@id\":\"https:\/\/thomasnumismatics.com\/en\/shop\/coins\/french-royal-coins\/lot-of-4-coins-charles-ix-henri-iii-teston-tete-lauree-demi-franc-col-plat-teston\/#primaryimage\"},\"image\":{\"@id\":\"https:\/\/thomasnumismatics.com\/en\/shop\/coins\/french-royal-coins\/lot-of-4-coins-charles-ix-henri-iii-teston-tete-lauree-demi-franc-col-plat-teston\/#primaryimage\"},\"thumbnailUrl\":\"https:\/\/thomasnumismatics.com\/wp-content\/uploads\/2025\/06\/lot-4-monnaies-charles-ix-henri-iii-teston-tete-lauree-demi-franc-cal-plat-teston-avers-scaled.jpg\",\"datePublished\":\"2025-07-18T07:00:01+00:00\",\"dateModified\":\"2025-09-12T09:17:56+00:00\",\"breadcrumb\":{\"@id\":\"https:\/\/thomasnumismatics.com\/en\/shop\/coins\/french-royal-coins\/lot-of-4-coins-charles-ix-henri-iii-teston-tete-lauree-demi-franc-col-plat-teston\/#breadcrumb\"},\"inLanguage\":\"en-US\",\"potentialAction\":[{\"@type\":\"ReadAction\",\"target\":[\"https:\/\/thomasnumismatics.com\/en\/shop\/coins\/french-royal-coins\/lot-of-4-coins-charles-ix-henri-iii-teston-tete-lauree-demi-franc-col-plat-teston\/\"]}]},{\"@type\":\"ImageObject\",\"inLanguage\":\"en-US\",\"@id\":\"https:\/\/thomasnumismatics.com\/en\/shop\/coins\/french-royal-coins\/lot-of-4-coins-charles-ix-henri-iii-teston-tete-lauree-demi-franc-col-plat-teston\/#primaryimage\",\"url\":\"https:\/\/thomasnumismatics.com\/wp-content\/uploads\/2025\/06\/lot-4-monnaies-charles-ix-henri-iii-teston-tete-lauree-demi-franc-cal-plat-teston-avers-scaled.jpg\",\"contentUrl\":\"https:\/\/thomasnumismatics.com\/wp-content\/uploads\/2025\/06\/lot-4-monnaies-charles-ix-henri-iii-teston-tete-lauree-demi-franc-cal-plat-teston-avers-scaled.jpg\",\"width\":2500,\"height\":2500,\"caption\":\"Lot of 4 coins - Charles IX - Henri III - Teston T\u00eate Laur\u00e9e - Demi Franc Col Plat - Teston obverse\"},{\"@type\":\"BreadcrumbList\",\"@id\":\"https:\/\/thomasnumismatics.com\/en\/shop\/coins\/french-royal-coins\/lot-of-4-coins-charles-ix-henri-iii-teston-tete-lauree-demi-franc-col-plat-teston\/#breadcrumb\",\"itemListElement\":[{\"@type\":\"ListItem\",\"position\":1,\"name\":\"\u00a0\",\"item\":\"https:\/\/thomasnumismatics.com\/en\/\"},{\"@type\":\"ListItem\",\"position\":2,\"name\":\"Shop\",\"item\":\"https:\/\/thomasnumismatics.com\/en\/shop\/\"},{\"@type\":\"ListItem\",\"position\":3,\"name\":\"Lot of 4 coins &#8211; Charles IX &#8211; Henri III &#8211; Teston T\u00eate Laur\u00e9e &#8211; Demi Franc Col Plat &#8211; Teston\"}]},{\"@type\":\"WebSite\",\"@id\":\"https:\/\/thomasnumismatics.com\/en\/#website\",\"url\":\"https:\/\/thomasnumismatics.com\/en\/\",\"name\":\"Thomas Numismatics\",\"description\":\"\",\"publisher\":{\"@id\":\"https:\/\/thomasnumismatics.com\/en\/#organization\"},\"potentialAction\":[{\"@type\":\"SearchAction\",\"target\":{\"@type\":\"EntryPoint\",\"urlTemplate\":\"https:\/\/thomasnumismatics.com\/en\/?s={search_term_string}\"},\"query-input\":{\"@type\":\"PropertyValueSpecification\",\"valueRequired\":true,\"valueName\":\"search_term_string\"}}],\"inLanguage\":\"en-US\"},{\"@type\":\"Organization\",\"@id\":\"https:\/\/thomasnumismatics.com\/en\/#organization\",\"name\":\"Thomas Numismatics\",\"url\":\"https:\/\/thomasnumismatics.com\/en\/\",\"logo\":{\"@type\":\"ImageObject\",\"inLanguage\":\"en-US\",\"@id\":\"https:\/\/thomasnumismatics.com\/en\/#\/schema\/logo\/image\/\",\"url\":\"https:\/\/thomasnumismatics.com\/wp-content\/uploads\/2020\/06\/thomas-numismatics-logo-email-1.png\",\"contentUrl\":\"https:\/\/thomasnumismatics.com\/wp-content\/uploads\/2020\/06\/thomas-numismatics-logo-email-1.png\",\"width\":350,\"height\":70,\"caption\":\"Thomas Numismatics\"},\"image\":{\"@id\":\"https:\/\/thomasnumismatics.com\/en\/#\/schema\/logo\/image\/\"},\"sameAs\":[\"https:\/\/www.facebook.com\/ThomasNumismatics\/\",\"https:\/\/www.instagram.com\/thomasnumismatics\/\"]}]}<\/script>","yoast_head_json":{"title":"Lot of 4 coins - Charles IX - Henri III - Teston T\u00eate Laur\u00e9e - Demi Franc Col Plat - Teston - Thomas Numismatics","robots":{"index":"index","follow":"follow","max-snippet":"max-snippet:-1","max-image-preview":"max-image-preview:large","max-video-preview":"max-video-preview:-1"},"canonical":"https:\/\/thomasnumismatics.com\/en\/shop\/coins\/french-royal-coins\/lot-of-4-coins-charles-ix-henri-iii-teston-tete-lauree-demi-franc-col-plat-teston\/","og_locale":"en_US","og_type":"article","og_title":"Lot of 4 coins - Charles IX - Henri III - Teston T\u00eate Laur\u00e9e - Demi Franc Col Plat - Teston - Thomas Numismatics","og_description":"Lot of 4 coins - Testons and 1\/2 Franc","og_url":"https:\/\/thomasnumismatics.com\/en\/shop\/coins\/french-royal-coins\/lot-of-4-coins-charles-ix-henri-iii-teston-tete-lauree-demi-franc-col-plat-teston\/","og_site_name":"Thomas Numismatics","article_publisher":"https:\/\/www.facebook.com\/ThomasNumismatics\/","article_modified_time":"2025-09-12T09:17:56+00:00","og_image":[{"width":2500,"height":2500,"url":"https:\/\/thomasnumismatics.com\/wp-content\/uploads\/2025\/06\/lot-4-monnaies-charles-ix-henri-iii-teston-tete-lauree-demi-franc-cal-plat-teston-avers-scaled.jpg","type":"image\/jpeg"}],"twitter_card":"summary_large_image","twitter_misc":{"Est. reading time":"1 minute"},"schema":{"@context":"https:\/\/schema.org","@graph":[{"@type":"WebPage","@id":"https:\/\/thomasnumismatics.com\/en\/shop\/coins\/french-royal-coins\/lot-of-4-coins-charles-ix-henri-iii-teston-tete-lauree-demi-franc-col-plat-teston\/","url":"https:\/\/thomasnumismatics.com\/en\/shop\/coins\/french-royal-coins\/lot-of-4-coins-charles-ix-henri-iii-teston-tete-lauree-demi-franc-col-plat-teston\/","name":"Lot of 4 coins - Charles IX - Henri III - Teston T\u00eate Laur\u00e9e - Demi Franc Col Plat - Teston - Thomas Numismatics","isPartOf":{"@id":"https:\/\/thomasnumismatics.com\/en\/#website"},"primaryImageOfPage":{"@id":"https:\/\/thomasnumismatics.com\/en\/shop\/coins\/french-royal-coins\/lot-of-4-coins-charles-ix-henri-iii-teston-tete-lauree-demi-franc-col-plat-teston\/#primaryimage"},"image":{"@id":"https:\/\/thomasnumismatics.com\/en\/shop\/coins\/french-royal-coins\/lot-of-4-coins-charles-ix-henri-iii-teston-tete-lauree-demi-franc-col-plat-teston\/#primaryimage"},"thumbnailUrl":"https:\/\/thomasnumismatics.com\/wp-content\/uploads\/2025\/06\/lot-4-monnaies-charles-ix-henri-iii-teston-tete-lauree-demi-franc-cal-plat-teston-avers-scaled.jpg","datePublished":"2025-07-18T07:00:01+00:00","dateModified":"2025-09-12T09:17:56+00:00","breadcrumb":{"@id":"https:\/\/thomasnumismatics.com\/en\/shop\/coins\/french-royal-coins\/lot-of-4-coins-charles-ix-henri-iii-teston-tete-lauree-demi-franc-col-plat-teston\/#breadcrumb"},"inLanguage":"en-US","potentialAction":[{"@type":"ReadAction","target":["https:\/\/thomasnumismatics.com\/en\/shop\/coins\/french-royal-coins\/lot-of-4-coins-charles-ix-henri-iii-teston-tete-lauree-demi-franc-col-plat-teston\/"]}]},{"@type":"ImageObject","inLanguage":"en-US","@id":"https:\/\/thomasnumismatics.com\/en\/shop\/coins\/french-royal-coins\/lot-of-4-coins-charles-ix-henri-iii-teston-tete-lauree-demi-franc-col-plat-teston\/#primaryimage","url":"https:\/\/thomasnumismatics.com\/wp-content\/uploads\/2025\/06\/lot-4-monnaies-charles-ix-henri-iii-teston-tete-lauree-demi-franc-cal-plat-teston-avers-scaled.jpg","contentUrl":"https:\/\/thomasnumismatics.com\/wp-content\/uploads\/2025\/06\/lot-4-monnaies-charles-ix-henri-iii-teston-tete-lauree-demi-franc-cal-plat-teston-avers-scaled.jpg","width":2500,"height":2500,"caption":"Lot of 4 coins - Charles IX - Henri III - Teston T\u00eate Laur\u00e9e - Demi Franc Col Plat - Teston obverse"},{"@type":"BreadcrumbList","@id":"https:\/\/thomasnumismatics.com\/en\/shop\/coins\/french-royal-coins\/lot-of-4-coins-charles-ix-henri-iii-teston-tete-lauree-demi-franc-col-plat-teston\/#breadcrumb","itemListElement":[{"@type":"ListItem","position":1,"name":"\u00a0","item":"https:\/\/thomasnumismatics.com\/en\/"},{"@type":"ListItem","position":2,"name":"Shop","item":"https:\/\/thomasnumismatics.com\/en\/shop\/"},{"@type":"ListItem","position":3,"name":"Lot of 4 coins &#8211; Charles IX &#8211; Henri III &#8211; Teston T\u00eate Laur\u00e9e &#8211; Demi Franc Col Plat &#8211; Teston"}]},{"@type":"WebSite","@id":"https:\/\/thomasnumismatics.com\/en\/#website","url":"https:\/\/thomasnumismatics.com\/en\/","name":"Thomas Numismatics","description":"","publisher":{"@id":"https:\/\/thomasnumismatics.com\/en\/#organization"},"potentialAction":[{"@type":"SearchAction","target":{"@type":"EntryPoint","urlTemplate":"https:\/\/thomasnumismatics.com\/en\/?s={search_term_string}"},"query-input":{"@type":"PropertyValueSpecification","valueRequired":true,"valueName":"search_term_string"}}],"inLanguage":"en-US"},{"@type":"Organization","@id":"https:\/\/thomasnumismatics.com\/en\/#organization","name":"Thomas Numismatics","url":"https:\/\/thomasnumismatics.com\/en\/","logo":{"@type":"ImageObject","inLanguage":"en-US","@id":"https:\/\/thomasnumismatics.com\/en\/#\/schema\/logo\/image\/","url":"https:\/\/thomasnumismatics.com\/wp-content\/uploads\/2020\/06\/thomas-numismatics-logo-email-1.png","contentUrl":"https:\/\/thomasnumismatics.com\/wp-content\/uploads\/2020\/06\/thomas-numismatics-logo-email-1.png","width":350,"height":70,"caption":"Thomas Numismatics"},"image":{"@id":"https:\/\/thomasnumismatics.com\/en\/#\/schema\/logo\/image\/"},"sameAs":["https:\/\/www.facebook.com\/ThomasNumismatics\/","https:\/\/www.instagram.com\/thomasnumismatics\/"]}]}},"_links":{"self":[{"href":"https:\/\/thomasnumismatics.com\/en\/wp-json\/wp\/v2\/product\/67959","targetHints":{"allow":["GET"]}}],"collection":[{"href":"https:\/\/thomasnumismatics.com\/en\/wp-json\/wp\/v2\/product"}],"about":[{"href":"https:\/\/thomasnumismatics.com\/en\/wp-json\/wp\/v2\/types\/product"}],"wp:featuredmedia":[{"embeddable":true,"href":"https:\/\/thomasnumismatics.com\/en\/wp-json\/wp\/v2\/media\/66993"}],"wp:attachment":[{"href":"https:\/\/thomasnumismatics.com\/en\/wp-json\/wp\/v2\/media?parent=67959"}],"wp:term":[{"taxonomy":"product_cat","embeddable":true,"href":"https:\/\/thomasnumismatics.com\/en\/wp-json\/wp\/v2\/product_cat?post=67959"},{"taxonomy":"product_tag","embeddable":true,"href":"https:\/\/thomasnumismatics.com\/en\/wp-json\/wp\/v2\/product_tag?post=67959"}],"curies":[{"name":"wp","href":"https:\/\/api.w.org\/{rel}","templated":true}]}}