{"id":6865,"date":"2021-06-07T19:37:06","date_gmt":"2021-06-07T17:37:09","guid":{"rendered":"https:\/\/thomasnumismatics.com\/?post_type=product&#038;p=6865"},"modified":"2022-09-26T15:53:34","modified_gmt":"2022-09-26T13:53:34","slug":"louis-xvi-gold-double-louis-dor-au-buste-habille-bearn-1778-pau","status":"publish","type":"product","link":"https:\/\/thomasnumismatics.com\/en\/shop\/coins\/french-royal-coins\/louis-xvi-gold-double-louis-dor-au-buste-habille-bearn-1778-pau\/","title":{"rendered":"Louis XVI &#8211; Gold &#8211; Double Louis d&#8217;or au buste habill\u00e9 &#8211; B\u00e9arn 1778 Pau"},"content":{"rendered":"<p>Coin with a pleasant appearance. Regular worn.<\/p>\n","protected":false},"excerpt":{"rendered":"<p>Gold &#8211; Double louis d&#8217;or &#8211; au buste habill\u00e9 &#8211; B\u00e9arn 1778 Pau &#8211; R5<\/p>\n","protected":false},"featured_media":6867,"template":"","meta":{"_acf_changed":false},"product_cat":[2187,749,772],"product_tag":[],"class_list":{"0":"post-6865","1":"product","2":"type-product","3":"status-publish","4":"has-post-thumbnail","6":"product_cat-coins","7":"product_cat-french-royal-coins","8":"product_cat-louis-xvi-en","10":"first","11":"outofstock","12":"taxable","13":"shipping-taxable","14":"product-type-simple"},"acf":[],"yoast_head":"<title>Louis XVI - Gold - Double Louis d&#039;or au buste habill\u00e9 - B\u00e9arn 1778 Pau - Thomas Numismatics<\/title>\n<meta name=\"robots\" content=\"index, follow, max-snippet:-1, max-image-preview:large, max-video-preview:-1\" \/>\n<link rel=\"canonical\" href=\"https:\/\/thomasnumismatics.com\/en\/shop\/coins\/french-royal-coins\/louis-xvi-gold-double-louis-dor-au-buste-habille-bearn-1778-pau\/\" \/>\n<meta property=\"og:locale\" content=\"en_US\" \/>\n<meta property=\"og:type\" content=\"article\" \/>\n<meta property=\"og:title\" content=\"Louis XVI - Gold - Double Louis d&#039;or au buste habill\u00e9 - B\u00e9arn 1778 Pau - Thomas Numismatics\" \/>\n<meta property=\"og:description\" content=\"Gold - Double louis d&#039;or - au buste habill\u00e9 - B\u00e9arn 1778 Pau - R5\" \/>\n<meta property=\"og:url\" content=\"https:\/\/thomasnumismatics.com\/en\/shop\/coins\/french-royal-coins\/louis-xvi-gold-double-louis-dor-au-buste-habille-bearn-1778-pau\/\" \/>\n<meta property=\"og:site_name\" content=\"Thomas Numismatics\" \/>\n<meta property=\"article:publisher\" content=\"https:\/\/www.facebook.com\/ThomasNumismatics\/\" \/>\n<meta property=\"article:modified_time\" content=\"2022-09-26T13:53:34+00:00\" \/>\n<meta property=\"og:image\" content=\"https:\/\/thomasnumismatics.com\/wp-content\/uploads\/2021\/06\/double-louis-or-buste-habille-1778-pau-avers-scaled.jpg\" \/>\n\t<meta property=\"og:image:width\" content=\"2552\" \/>\n\t<meta property=\"og:image:height\" content=\"2560\" \/>\n\t<meta property=\"og:image:type\" content=\"image\/jpeg\" \/>\n<meta name=\"twitter:card\" content=\"summary_large_image\" \/>\n<script type=\"application\/ld+json\" class=\"yoast-schema-graph\">{\"@context\":\"https:\/\/schema.org\",\"@graph\":[{\"@type\":\"WebPage\",\"@id\":\"https:\/\/thomasnumismatics.com\/en\/shop\/coins\/french-royal-coins\/louis-xvi-gold-double-louis-dor-au-buste-habille-bearn-1778-pau\/\",\"url\":\"https:\/\/thomasnumismatics.com\/en\/shop\/coins\/french-royal-coins\/louis-xvi-gold-double-louis-dor-au-buste-habille-bearn-1778-pau\/\",\"name\":\"Louis XVI - Gold - Double Louis d'or au buste habill\u00e9 - B\u00e9arn 1778 Pau - Thomas Numismatics\",\"isPartOf\":{\"@id\":\"https:\/\/thomasnumismatics.com\/en\/#website\"},\"primaryImageOfPage\":{\"@id\":\"https:\/\/thomasnumismatics.com\/en\/shop\/coins\/french-royal-coins\/louis-xvi-gold-double-louis-dor-au-buste-habille-bearn-1778-pau\/#primaryimage\"},\"image\":{\"@id\":\"https:\/\/thomasnumismatics.com\/en\/shop\/coins\/french-royal-coins\/louis-xvi-gold-double-louis-dor-au-buste-habille-bearn-1778-pau\/#primaryimage\"},\"thumbnailUrl\":\"https:\/\/thomasnumismatics.com\/wp-content\/uploads\/2021\/06\/double-louis-or-buste-habille-1778-pau-avers-scaled.jpg\",\"datePublished\":\"2021-06-07T17:37:09+00:00\",\"dateModified\":\"2022-09-26T13:53:34+00:00\",\"breadcrumb\":{\"@id\":\"https:\/\/thomasnumismatics.com\/en\/shop\/coins\/french-royal-coins\/louis-xvi-gold-double-louis-dor-au-buste-habille-bearn-1778-pau\/#breadcrumb\"},\"inLanguage\":\"en-US\",\"potentialAction\":[{\"@type\":\"ReadAction\",\"target\":[\"https:\/\/thomasnumismatics.com\/en\/shop\/coins\/french-royal-coins\/louis-xvi-gold-double-louis-dor-au-buste-habille-bearn-1778-pau\/\"]}]},{\"@type\":\"ImageObject\",\"inLanguage\":\"en-US\",\"@id\":\"https:\/\/thomasnumismatics.com\/en\/shop\/coins\/french-royal-coins\/louis-xvi-gold-double-louis-dor-au-buste-habille-bearn-1778-pau\/#primaryimage\",\"url\":\"https:\/\/thomasnumismatics.com\/wp-content\/uploads\/2021\/06\/double-louis-or-buste-habille-1778-pau-avers-scaled.jpg\",\"contentUrl\":\"https:\/\/thomasnumismatics.com\/wp-content\/uploads\/2021\/06\/double-louis-or-buste-habille-1778-pau-avers-scaled.jpg\",\"width\":2552,\"height\":2560,\"caption\":\"double louis gold or buste habille 1778 pau obverse\"},{\"@type\":\"BreadcrumbList\",\"@id\":\"https:\/\/thomasnumismatics.com\/en\/shop\/coins\/french-royal-coins\/louis-xvi-gold-double-louis-dor-au-buste-habille-bearn-1778-pau\/#breadcrumb\",\"itemListElement\":[{\"@type\":\"ListItem\",\"position\":1,\"name\":\"\u00a0\",\"item\":\"https:\/\/thomasnumismatics.com\/en\/\"},{\"@type\":\"ListItem\",\"position\":2,\"name\":\"Shop\",\"item\":\"https:\/\/thomasnumismatics.com\/en\/shop\/\"},{\"@type\":\"ListItem\",\"position\":3,\"name\":\"Louis XVI &#8211; Gold &#8211; Double Louis d&#8217;or au buste habill\u00e9 &#8211; B\u00e9arn 1778 Pau\"}]},{\"@type\":\"WebSite\",\"@id\":\"https:\/\/thomasnumismatics.com\/en\/#website\",\"url\":\"https:\/\/thomasnumismatics.com\/en\/\",\"name\":\"Thomas Numismatics\",\"description\":\"\",\"publisher\":{\"@id\":\"https:\/\/thomasnumismatics.com\/en\/#organization\"},\"potentialAction\":[{\"@type\":\"SearchAction\",\"target\":{\"@type\":\"EntryPoint\",\"urlTemplate\":\"https:\/\/thomasnumismatics.com\/en\/?s={search_term_string}\"},\"query-input\":{\"@type\":\"PropertyValueSpecification\",\"valueRequired\":true,\"valueName\":\"search_term_string\"}}],\"inLanguage\":\"en-US\"},{\"@type\":\"Organization\",\"@id\":\"https:\/\/thomasnumismatics.com\/en\/#organization\",\"name\":\"Thomas Numismatics\",\"url\":\"https:\/\/thomasnumismatics.com\/en\/\",\"logo\":{\"@type\":\"ImageObject\",\"inLanguage\":\"en-US\",\"@id\":\"https:\/\/thomasnumismatics.com\/en\/#\/schema\/logo\/image\/\",\"url\":\"https:\/\/thomasnumismatics.com\/wp-content\/uploads\/2020\/06\/thomas-numismatics-logo-email-1.png\",\"contentUrl\":\"https:\/\/thomasnumismatics.com\/wp-content\/uploads\/2020\/06\/thomas-numismatics-logo-email-1.png\",\"width\":350,\"height\":70,\"caption\":\"Thomas Numismatics\"},\"image\":{\"@id\":\"https:\/\/thomasnumismatics.com\/en\/#\/schema\/logo\/image\/\"},\"sameAs\":[\"https:\/\/www.facebook.com\/ThomasNumismatics\/\",\"https:\/\/www.instagram.com\/thomasnumismatics\/\"]}]}<\/script>","yoast_head_json":{"title":"Louis XVI - Gold - Double Louis d'or au buste habill\u00e9 - B\u00e9arn 1778 Pau - Thomas Numismatics","robots":{"index":"index","follow":"follow","max-snippet":"max-snippet:-1","max-image-preview":"max-image-preview:large","max-video-preview":"max-video-preview:-1"},"canonical":"https:\/\/thomasnumismatics.com\/en\/shop\/coins\/french-royal-coins\/louis-xvi-gold-double-louis-dor-au-buste-habille-bearn-1778-pau\/","og_locale":"en_US","og_type":"article","og_title":"Louis XVI - Gold - Double Louis d'or au buste habill\u00e9 - B\u00e9arn 1778 Pau - Thomas Numismatics","og_description":"Gold - Double louis d'or - au buste habill\u00e9 - B\u00e9arn 1778 Pau - R5","og_url":"https:\/\/thomasnumismatics.com\/en\/shop\/coins\/french-royal-coins\/louis-xvi-gold-double-louis-dor-au-buste-habille-bearn-1778-pau\/","og_site_name":"Thomas Numismatics","article_publisher":"https:\/\/www.facebook.com\/ThomasNumismatics\/","article_modified_time":"2022-09-26T13:53:34+00:00","og_image":[{"width":2552,"height":2560,"url":"https:\/\/thomasnumismatics.com\/wp-content\/uploads\/2021\/06\/double-louis-or-buste-habille-1778-pau-avers-scaled.jpg","type":"image\/jpeg"}],"twitter_card":"summary_large_image","schema":{"@context":"https:\/\/schema.org","@graph":[{"@type":"WebPage","@id":"https:\/\/thomasnumismatics.com\/en\/shop\/coins\/french-royal-coins\/louis-xvi-gold-double-louis-dor-au-buste-habille-bearn-1778-pau\/","url":"https:\/\/thomasnumismatics.com\/en\/shop\/coins\/french-royal-coins\/louis-xvi-gold-double-louis-dor-au-buste-habille-bearn-1778-pau\/","name":"Louis XVI - Gold - Double Louis d'or au buste habill\u00e9 - B\u00e9arn 1778 Pau - Thomas Numismatics","isPartOf":{"@id":"https:\/\/thomasnumismatics.com\/en\/#website"},"primaryImageOfPage":{"@id":"https:\/\/thomasnumismatics.com\/en\/shop\/coins\/french-royal-coins\/louis-xvi-gold-double-louis-dor-au-buste-habille-bearn-1778-pau\/#primaryimage"},"image":{"@id":"https:\/\/thomasnumismatics.com\/en\/shop\/coins\/french-royal-coins\/louis-xvi-gold-double-louis-dor-au-buste-habille-bearn-1778-pau\/#primaryimage"},"thumbnailUrl":"https:\/\/thomasnumismatics.com\/wp-content\/uploads\/2021\/06\/double-louis-or-buste-habille-1778-pau-avers-scaled.jpg","datePublished":"2021-06-07T17:37:09+00:00","dateModified":"2022-09-26T13:53:34+00:00","breadcrumb":{"@id":"https:\/\/thomasnumismatics.com\/en\/shop\/coins\/french-royal-coins\/louis-xvi-gold-double-louis-dor-au-buste-habille-bearn-1778-pau\/#breadcrumb"},"inLanguage":"en-US","potentialAction":[{"@type":"ReadAction","target":["https:\/\/thomasnumismatics.com\/en\/shop\/coins\/french-royal-coins\/louis-xvi-gold-double-louis-dor-au-buste-habille-bearn-1778-pau\/"]}]},{"@type":"ImageObject","inLanguage":"en-US","@id":"https:\/\/thomasnumismatics.com\/en\/shop\/coins\/french-royal-coins\/louis-xvi-gold-double-louis-dor-au-buste-habille-bearn-1778-pau\/#primaryimage","url":"https:\/\/thomasnumismatics.com\/wp-content\/uploads\/2021\/06\/double-louis-or-buste-habille-1778-pau-avers-scaled.jpg","contentUrl":"https:\/\/thomasnumismatics.com\/wp-content\/uploads\/2021\/06\/double-louis-or-buste-habille-1778-pau-avers-scaled.jpg","width":2552,"height":2560,"caption":"double louis gold or buste habille 1778 pau obverse"},{"@type":"BreadcrumbList","@id":"https:\/\/thomasnumismatics.com\/en\/shop\/coins\/french-royal-coins\/louis-xvi-gold-double-louis-dor-au-buste-habille-bearn-1778-pau\/#breadcrumb","itemListElement":[{"@type":"ListItem","position":1,"name":"\u00a0","item":"https:\/\/thomasnumismatics.com\/en\/"},{"@type":"ListItem","position":2,"name":"Shop","item":"https:\/\/thomasnumismatics.com\/en\/shop\/"},{"@type":"ListItem","position":3,"name":"Louis XVI &#8211; Gold &#8211; Double Louis d&#8217;or au buste habill\u00e9 &#8211; B\u00e9arn 1778 Pau"}]},{"@type":"WebSite","@id":"https:\/\/thomasnumismatics.com\/en\/#website","url":"https:\/\/thomasnumismatics.com\/en\/","name":"Thomas Numismatics","description":"","publisher":{"@id":"https:\/\/thomasnumismatics.com\/en\/#organization"},"potentialAction":[{"@type":"SearchAction","target":{"@type":"EntryPoint","urlTemplate":"https:\/\/thomasnumismatics.com\/en\/?s={search_term_string}"},"query-input":{"@type":"PropertyValueSpecification","valueRequired":true,"valueName":"search_term_string"}}],"inLanguage":"en-US"},{"@type":"Organization","@id":"https:\/\/thomasnumismatics.com\/en\/#organization","name":"Thomas Numismatics","url":"https:\/\/thomasnumismatics.com\/en\/","logo":{"@type":"ImageObject","inLanguage":"en-US","@id":"https:\/\/thomasnumismatics.com\/en\/#\/schema\/logo\/image\/","url":"https:\/\/thomasnumismatics.com\/wp-content\/uploads\/2020\/06\/thomas-numismatics-logo-email-1.png","contentUrl":"https:\/\/thomasnumismatics.com\/wp-content\/uploads\/2020\/06\/thomas-numismatics-logo-email-1.png","width":350,"height":70,"caption":"Thomas Numismatics"},"image":{"@id":"https:\/\/thomasnumismatics.com\/en\/#\/schema\/logo\/image\/"},"sameAs":["https:\/\/www.facebook.com\/ThomasNumismatics\/","https:\/\/www.instagram.com\/thomasnumismatics\/"]}]}},"_links":{"self":[{"href":"https:\/\/thomasnumismatics.com\/en\/wp-json\/wp\/v2\/product\/6865","targetHints":{"allow":["GET"]}}],"collection":[{"href":"https:\/\/thomasnumismatics.com\/en\/wp-json\/wp\/v2\/product"}],"about":[{"href":"https:\/\/thomasnumismatics.com\/en\/wp-json\/wp\/v2\/types\/product"}],"wp:featuredmedia":[{"embeddable":true,"href":"https:\/\/thomasnumismatics.com\/en\/wp-json\/wp\/v2\/media\/6867"}],"wp:attachment":[{"href":"https:\/\/thomasnumismatics.com\/en\/wp-json\/wp\/v2\/media?parent=6865"}],"wp:term":[{"taxonomy":"product_cat","embeddable":true,"href":"https:\/\/thomasnumismatics.com\/en\/wp-json\/wp\/v2\/product_cat?post=6865"},{"taxonomy":"product_tag","embeddable":true,"href":"https:\/\/thomasnumismatics.com\/en\/wp-json\/wp\/v2\/product_tag?post=6865"}],"curies":[{"name":"wp","href":"https:\/\/api.w.org\/{rel}","templated":true}]}}