{"id":70786,"date":"2025-12-15T08:00:06","date_gmt":"2025-10-14T10:47:06","guid":{"rendered":"https:\/\/thomasnumismatics.com\/acheter\/uncategorized\/france-republic-gold-proof-piefort-essai-20-francs-1899-paris-essai-on-edge\/"},"modified":"2025-12-15T12:09:26","modified_gmt":"2025-12-15T11:09:26","slug":"france-republic-gold-proof-piefort-essai-20-francs-1899-paris-essai-on-edge","status":"publish","type":"product","link":"https:\/\/thomasnumismatics.com\/en\/shop\/coins\/french-modern-coins\/france-republic-gold-proof-piefort-essai-20-francs-1899-paris-essai-on-edge\/","title":{"rendered":"France Republic gold Proof Piefort Essai 20 Francs 1899 &#8211; Paris &#8211; Essai on edge &#8211; PCGS SP 61"},"content":{"rendered":"<p class=\"p1\"><strong>Uncirculated specimen<\/strong>. Proof strike on a <strong>polished (proof) flan.<\/strong><\/p>\n<p>Coin certified PCGS SP 61.<\/p>\n<p class=\"p3\">Very rare specimen, missing from most collections.<\/p>\n<p class=\"p3\"><span class=\"s1\">Type:<\/span> Marianne. Gold <i>pi\u00e9fort<\/i>. Smooth edge with incuse hallmark: <i>ESSAI<\/i> and cornucopia, marked <span class=\"s1\"><b>OR<\/b><\/span>.<\/p>\n<p class=\"p3\"><span class=\"s1\">Obverse:<\/span> <i>REPUBLIQUE FRAN\u00c7AISE.<\/i> Laureate head of the Republic facing right, signed <i>J.C. CHAPLAIN.<\/i><i><\/i><\/p>\n<p class=\"p3\"><span class=\"s1\">Reverse:<\/span> <i>LIBERT\u00c9, \u00c9GALIT\u00c9, FRATERNIT\u00c9.<\/i> 20 Francs. Rooster facing left.<\/p>\n<p class=\"p3\"><span class=\"s1\">References:<\/span> G. 1064, GEM 276.EP2, Maz. 2115a.<\/p>\n","protected":false},"excerpt":{"rendered":"<p>Gold &#8211; Proof Piefort Essai &#8211; 20 Francs or &#8211; 1899 Paris &#8211; Essai on edge &#8211; PCGS SP 61<\/p>\n","protected":false},"featured_media":71964,"template":"","meta":{"_acf_changed":false},"product_cat":[2187,761,1436],"product_tag":[14362],"class_list":{"0":"post-70786","1":"product","2":"type-product","3":"status-publish","4":"has-post-thumbnail","6":"product_cat-coins","7":"product_cat-french-modern-coins","8":"product_cat-third-republic","9":"product_tag-grading-pcgs-en","10":"pa_certification-pcgs-en","11":"pa_numero-certification-56827715-en","13":"first","14":"outofstock","15":"taxable","16":"shipping-taxable","17":"product-type-simple"},"acf":[],"yoast_head":"<title>France Republic gold Proof Piefort Essai 20 Francs 1899 - Paris - Essai on edge - PCGS SP 61 - Thomas Numismatics<\/title>\n<meta name=\"robots\" content=\"index, follow, max-snippet:-1, max-image-preview:large, max-video-preview:-1\" \/>\n<link rel=\"canonical\" href=\"https:\/\/thomasnumismatics.com\/en\/shop\/coins\/french-modern-coins\/france-republic-gold-proof-piefort-essai-20-francs-1899-paris-essai-on-edge\/\" \/>\n<meta property=\"og:locale\" content=\"en_US\" \/>\n<meta property=\"og:type\" content=\"article\" \/>\n<meta property=\"og:title\" content=\"France Republic gold Proof Piefort Essai 20 Francs 1899 - Paris - Essai on edge - PCGS SP 61 - Thomas Numismatics\" \/>\n<meta property=\"og:description\" content=\"Gold - Proof Piefort Essai - 20 Francs or - 1899 Paris - Essai on edge - PCGS SP 61\" \/>\n<meta property=\"og:url\" content=\"https:\/\/thomasnumismatics.com\/en\/shop\/coins\/french-modern-coins\/france-republic-gold-proof-piefort-essai-20-francs-1899-paris-essai-on-edge\/\" \/>\n<meta property=\"og:site_name\" content=\"Thomas Numismatics\" \/>\n<meta property=\"article:publisher\" content=\"https:\/\/www.facebook.com\/ThomasNumismatics\/\" \/>\n<meta property=\"article:modified_time\" content=\"2025-12-15T11:09:26+00:00\" \/>\n<meta property=\"og:image\" content=\"https:\/\/thomasnumismatics.com\/wp-content\/uploads\/2025\/10\/20-francs-or-piefort-1899-pcgs-sp-61-avers-scaled.jpg\" \/>\n\t<meta property=\"og:image:width\" content=\"2500\" \/>\n\t<meta property=\"og:image:height\" content=\"2500\" \/>\n\t<meta property=\"og:image:type\" content=\"image\/jpeg\" \/>\n<meta name=\"twitter:card\" content=\"summary_large_image\" \/>\n<meta name=\"twitter:label1\" content=\"Est. reading time\" \/>\n\t<meta name=\"twitter:data1\" content=\"1 minute\" \/>\n<script type=\"application\/ld+json\" class=\"yoast-schema-graph\">{\"@context\":\"https:\/\/schema.org\",\"@graph\":[{\"@type\":\"WebPage\",\"@id\":\"https:\/\/thomasnumismatics.com\/en\/shop\/coins\/french-modern-coins\/france-republic-gold-proof-piefort-essai-20-francs-1899-paris-essai-on-edge\/\",\"url\":\"https:\/\/thomasnumismatics.com\/en\/shop\/coins\/french-modern-coins\/france-republic-gold-proof-piefort-essai-20-francs-1899-paris-essai-on-edge\/\",\"name\":\"France Republic gold Proof Piefort Essai 20 Francs 1899 - Paris - Essai on edge - PCGS SP 61 - Thomas Numismatics\",\"isPartOf\":{\"@id\":\"https:\/\/thomasnumismatics.com\/en\/#website\"},\"primaryImageOfPage\":{\"@id\":\"https:\/\/thomasnumismatics.com\/en\/shop\/coins\/french-modern-coins\/france-republic-gold-proof-piefort-essai-20-francs-1899-paris-essai-on-edge\/#primaryimage\"},\"image\":{\"@id\":\"https:\/\/thomasnumismatics.com\/en\/shop\/coins\/french-modern-coins\/france-republic-gold-proof-piefort-essai-20-francs-1899-paris-essai-on-edge\/#primaryimage\"},\"thumbnailUrl\":\"https:\/\/thomasnumismatics.com\/wp-content\/uploads\/2025\/10\/20-francs-or-piefort-1899-pcgs-sp-61-avers-scaled.jpg\",\"datePublished\":\"2025-10-14T10:47:06+00:00\",\"dateModified\":\"2025-12-15T11:09:26+00:00\",\"breadcrumb\":{\"@id\":\"https:\/\/thomasnumismatics.com\/en\/shop\/coins\/french-modern-coins\/france-republic-gold-proof-piefort-essai-20-francs-1899-paris-essai-on-edge\/#breadcrumb\"},\"inLanguage\":\"en-US\",\"potentialAction\":[{\"@type\":\"ReadAction\",\"target\":[\"https:\/\/thomasnumismatics.com\/en\/shop\/coins\/french-modern-coins\/france-republic-gold-proof-piefort-essai-20-francs-1899-paris-essai-on-edge\/\"]}]},{\"@type\":\"ImageObject\",\"inLanguage\":\"en-US\",\"@id\":\"https:\/\/thomasnumismatics.com\/en\/shop\/coins\/french-modern-coins\/france-republic-gold-proof-piefort-essai-20-francs-1899-paris-essai-on-edge\/#primaryimage\",\"url\":\"https:\/\/thomasnumismatics.com\/wp-content\/uploads\/2025\/10\/20-francs-or-piefort-1899-pcgs-sp-61-avers-scaled.jpg\",\"contentUrl\":\"https:\/\/thomasnumismatics.com\/wp-content\/uploads\/2025\/10\/20-francs-or-piefort-1899-pcgs-sp-61-avers-scaled.jpg\",\"width\":2500,\"height\":2500,\"caption\":\"Gold 20 francs or piefort 1899 - PCGS SP 61 - obverse\"},{\"@type\":\"BreadcrumbList\",\"@id\":\"https:\/\/thomasnumismatics.com\/en\/shop\/coins\/french-modern-coins\/france-republic-gold-proof-piefort-essai-20-francs-1899-paris-essai-on-edge\/#breadcrumb\",\"itemListElement\":[{\"@type\":\"ListItem\",\"position\":1,\"name\":\"\u00a0\",\"item\":\"https:\/\/thomasnumismatics.com\/en\/\"},{\"@type\":\"ListItem\",\"position\":2,\"name\":\"Shop\",\"item\":\"https:\/\/thomasnumismatics.com\/en\/shop\/\"},{\"@type\":\"ListItem\",\"position\":3,\"name\":\"France Republic gold Proof Piefort Essai 20 Francs 1899 &#8211; Paris &#8211; Essai on edge &#8211; PCGS SP 61\"}]},{\"@type\":\"WebSite\",\"@id\":\"https:\/\/thomasnumismatics.com\/en\/#website\",\"url\":\"https:\/\/thomasnumismatics.com\/en\/\",\"name\":\"Thomas Numismatics\",\"description\":\"\",\"publisher\":{\"@id\":\"https:\/\/thomasnumismatics.com\/en\/#organization\"},\"potentialAction\":[{\"@type\":\"SearchAction\",\"target\":{\"@type\":\"EntryPoint\",\"urlTemplate\":\"https:\/\/thomasnumismatics.com\/en\/?s={search_term_string}\"},\"query-input\":{\"@type\":\"PropertyValueSpecification\",\"valueRequired\":true,\"valueName\":\"search_term_string\"}}],\"inLanguage\":\"en-US\"},{\"@type\":\"Organization\",\"@id\":\"https:\/\/thomasnumismatics.com\/en\/#organization\",\"name\":\"Thomas Numismatics\",\"url\":\"https:\/\/thomasnumismatics.com\/en\/\",\"logo\":{\"@type\":\"ImageObject\",\"inLanguage\":\"en-US\",\"@id\":\"https:\/\/thomasnumismatics.com\/en\/#\/schema\/logo\/image\/\",\"url\":\"https:\/\/thomasnumismatics.com\/wp-content\/uploads\/2020\/06\/thomas-numismatics-logo-email-1.png\",\"contentUrl\":\"https:\/\/thomasnumismatics.com\/wp-content\/uploads\/2020\/06\/thomas-numismatics-logo-email-1.png\",\"width\":350,\"height\":70,\"caption\":\"Thomas Numismatics\"},\"image\":{\"@id\":\"https:\/\/thomasnumismatics.com\/en\/#\/schema\/logo\/image\/\"},\"sameAs\":[\"https:\/\/www.facebook.com\/ThomasNumismatics\/\",\"https:\/\/www.instagram.com\/thomasnumismatics\/\"]}]}<\/script>","yoast_head_json":{"title":"France Republic gold Proof Piefort Essai 20 Francs 1899 - Paris - Essai on edge - PCGS SP 61 - Thomas Numismatics","robots":{"index":"index","follow":"follow","max-snippet":"max-snippet:-1","max-image-preview":"max-image-preview:large","max-video-preview":"max-video-preview:-1"},"canonical":"https:\/\/thomasnumismatics.com\/en\/shop\/coins\/french-modern-coins\/france-republic-gold-proof-piefort-essai-20-francs-1899-paris-essai-on-edge\/","og_locale":"en_US","og_type":"article","og_title":"France Republic gold Proof Piefort Essai 20 Francs 1899 - Paris - Essai on edge - PCGS SP 61 - Thomas Numismatics","og_description":"Gold - Proof Piefort Essai - 20 Francs or - 1899 Paris - Essai on edge - PCGS SP 61","og_url":"https:\/\/thomasnumismatics.com\/en\/shop\/coins\/french-modern-coins\/france-republic-gold-proof-piefort-essai-20-francs-1899-paris-essai-on-edge\/","og_site_name":"Thomas Numismatics","article_publisher":"https:\/\/www.facebook.com\/ThomasNumismatics\/","article_modified_time":"2025-12-15T11:09:26+00:00","og_image":[{"width":2500,"height":2500,"url":"https:\/\/thomasnumismatics.com\/wp-content\/uploads\/2025\/10\/20-francs-or-piefort-1899-pcgs-sp-61-avers-scaled.jpg","type":"image\/jpeg"}],"twitter_card":"summary_large_image","twitter_misc":{"Est. reading time":"1 minute"},"schema":{"@context":"https:\/\/schema.org","@graph":[{"@type":"WebPage","@id":"https:\/\/thomasnumismatics.com\/en\/shop\/coins\/french-modern-coins\/france-republic-gold-proof-piefort-essai-20-francs-1899-paris-essai-on-edge\/","url":"https:\/\/thomasnumismatics.com\/en\/shop\/coins\/french-modern-coins\/france-republic-gold-proof-piefort-essai-20-francs-1899-paris-essai-on-edge\/","name":"France Republic gold Proof Piefort Essai 20 Francs 1899 - Paris - Essai on edge - PCGS SP 61 - Thomas Numismatics","isPartOf":{"@id":"https:\/\/thomasnumismatics.com\/en\/#website"},"primaryImageOfPage":{"@id":"https:\/\/thomasnumismatics.com\/en\/shop\/coins\/french-modern-coins\/france-republic-gold-proof-piefort-essai-20-francs-1899-paris-essai-on-edge\/#primaryimage"},"image":{"@id":"https:\/\/thomasnumismatics.com\/en\/shop\/coins\/french-modern-coins\/france-republic-gold-proof-piefort-essai-20-francs-1899-paris-essai-on-edge\/#primaryimage"},"thumbnailUrl":"https:\/\/thomasnumismatics.com\/wp-content\/uploads\/2025\/10\/20-francs-or-piefort-1899-pcgs-sp-61-avers-scaled.jpg","datePublished":"2025-10-14T10:47:06+00:00","dateModified":"2025-12-15T11:09:26+00:00","breadcrumb":{"@id":"https:\/\/thomasnumismatics.com\/en\/shop\/coins\/french-modern-coins\/france-republic-gold-proof-piefort-essai-20-francs-1899-paris-essai-on-edge\/#breadcrumb"},"inLanguage":"en-US","potentialAction":[{"@type":"ReadAction","target":["https:\/\/thomasnumismatics.com\/en\/shop\/coins\/french-modern-coins\/france-republic-gold-proof-piefort-essai-20-francs-1899-paris-essai-on-edge\/"]}]},{"@type":"ImageObject","inLanguage":"en-US","@id":"https:\/\/thomasnumismatics.com\/en\/shop\/coins\/french-modern-coins\/france-republic-gold-proof-piefort-essai-20-francs-1899-paris-essai-on-edge\/#primaryimage","url":"https:\/\/thomasnumismatics.com\/wp-content\/uploads\/2025\/10\/20-francs-or-piefort-1899-pcgs-sp-61-avers-scaled.jpg","contentUrl":"https:\/\/thomasnumismatics.com\/wp-content\/uploads\/2025\/10\/20-francs-or-piefort-1899-pcgs-sp-61-avers-scaled.jpg","width":2500,"height":2500,"caption":"Gold 20 francs or piefort 1899 - PCGS SP 61 - obverse"},{"@type":"BreadcrumbList","@id":"https:\/\/thomasnumismatics.com\/en\/shop\/coins\/french-modern-coins\/france-republic-gold-proof-piefort-essai-20-francs-1899-paris-essai-on-edge\/#breadcrumb","itemListElement":[{"@type":"ListItem","position":1,"name":"\u00a0","item":"https:\/\/thomasnumismatics.com\/en\/"},{"@type":"ListItem","position":2,"name":"Shop","item":"https:\/\/thomasnumismatics.com\/en\/shop\/"},{"@type":"ListItem","position":3,"name":"France Republic gold Proof Piefort Essai 20 Francs 1899 &#8211; Paris &#8211; Essai on edge &#8211; PCGS SP 61"}]},{"@type":"WebSite","@id":"https:\/\/thomasnumismatics.com\/en\/#website","url":"https:\/\/thomasnumismatics.com\/en\/","name":"Thomas Numismatics","description":"","publisher":{"@id":"https:\/\/thomasnumismatics.com\/en\/#organization"},"potentialAction":[{"@type":"SearchAction","target":{"@type":"EntryPoint","urlTemplate":"https:\/\/thomasnumismatics.com\/en\/?s={search_term_string}"},"query-input":{"@type":"PropertyValueSpecification","valueRequired":true,"valueName":"search_term_string"}}],"inLanguage":"en-US"},{"@type":"Organization","@id":"https:\/\/thomasnumismatics.com\/en\/#organization","name":"Thomas Numismatics","url":"https:\/\/thomasnumismatics.com\/en\/","logo":{"@type":"ImageObject","inLanguage":"en-US","@id":"https:\/\/thomasnumismatics.com\/en\/#\/schema\/logo\/image\/","url":"https:\/\/thomasnumismatics.com\/wp-content\/uploads\/2020\/06\/thomas-numismatics-logo-email-1.png","contentUrl":"https:\/\/thomasnumismatics.com\/wp-content\/uploads\/2020\/06\/thomas-numismatics-logo-email-1.png","width":350,"height":70,"caption":"Thomas Numismatics"},"image":{"@id":"https:\/\/thomasnumismatics.com\/en\/#\/schema\/logo\/image\/"},"sameAs":["https:\/\/www.facebook.com\/ThomasNumismatics\/","https:\/\/www.instagram.com\/thomasnumismatics\/"]}]}},"_links":{"self":[{"href":"https:\/\/thomasnumismatics.com\/en\/wp-json\/wp\/v2\/product\/70786","targetHints":{"allow":["GET"]}}],"collection":[{"href":"https:\/\/thomasnumismatics.com\/en\/wp-json\/wp\/v2\/product"}],"about":[{"href":"https:\/\/thomasnumismatics.com\/en\/wp-json\/wp\/v2\/types\/product"}],"wp:featuredmedia":[{"embeddable":true,"href":"https:\/\/thomasnumismatics.com\/en\/wp-json\/wp\/v2\/media\/71964"}],"wp:attachment":[{"href":"https:\/\/thomasnumismatics.com\/en\/wp-json\/wp\/v2\/media?parent=70786"}],"wp:term":[{"taxonomy":"product_cat","embeddable":true,"href":"https:\/\/thomasnumismatics.com\/en\/wp-json\/wp\/v2\/product_cat?post=70786"},{"taxonomy":"product_tag","embeddable":true,"href":"https:\/\/thomasnumismatics.com\/en\/wp-json\/wp\/v2\/product_tag?post=70786"}],"curies":[{"name":"wp","href":"https:\/\/api.w.org\/{rel}","templated":true}]}}