{"id":71558,"date":"2025-11-10T20:00:16","date_gmt":"2025-11-10T19:00:16","guid":{"rendered":"https:\/\/thomasnumismatics.com\/acheter\/uncategorized\/coin-france-louis-xvi-louis-dor-a-la-tete-nue-1786-k-bordeaux-hoard-treasure-of-vendee-pcgs-au-58\/"},"modified":"2025-11-13T11:29:46","modified_gmt":"2025-11-13T10:29:46","slug":"coin-france-louis-xvi-louis-dor-a-la-tete-nue-1786-k-bordeaux-hoard-treasure-of-vendee-pcgs-au-58","status":"publish","type":"product","link":"https:\/\/thomasnumismatics.com\/en\/shop\/treasures\/earthly-treasures\/treasure-of-vendee\/coin-france-louis-xvi-louis-dor-a-la-tete-nue-1786-k-bordeaux-hoard-treasure-of-vendee-pcgs-au-58\/","title":{"rendered":"Coin  France &#8211; Louis XVI &#8211; Louis d&#8217;or \u00e0 la t\u00eate nue &#8211; 1786 K Bordeaux &#8211; Hoard Treasure of Vend\u00e9e &#8211; PCGS AU 58"},"content":{"rendered":"<p>Coin with bright original luster. Superb example.<\/p>\n<p>Coin certified PCGS AU 58. High grade.<\/p>\n","protected":false},"excerpt":{"rendered":"<p>Gold &#8211; Louis d&#8217;or \u00e0 la t\u00eate nue &#8211; 1786 K Bordeaux &#8211; PCGS AU 58 &#8211; Hoard Treasure of Vend\u00e9e<\/p>\n","protected":false},"featured_media":71536,"template":"","meta":{"_acf_changed":false},"product_cat":[11554,1848,2187,749,11722,772],"product_tag":[],"class_list":{"0":"post-71558","1":"product","2":"type-product","3":"status-publish","4":"has-post-thumbnail","6":"product_cat-earthly-treasures","7":"product_cat-treasures","8":"product_cat-coins","9":"product_cat-french-royal-coins","10":"product_cat-treasure-of-vendee","11":"product_cat-louis-xvi-en","12":"pa_certification-pcgs-en","13":"pa_numero-certification-59830057-en","15":"first","16":"outofstock","17":"taxable","18":"shipping-taxable","19":"product-type-simple"},"acf":[],"yoast_head":"<title>Coin France - Louis XVI - Louis d&#039;or \u00e0 la t\u00eate nue - 1786 K Bordeaux - Hoard Treasure of Vend\u00e9e - PCGS AU 58 - Thomas Numismatics<\/title>\n<meta name=\"robots\" content=\"index, follow, max-snippet:-1, max-image-preview:large, max-video-preview:-1\" \/>\n<link rel=\"canonical\" href=\"https:\/\/thomasnumismatics.com\/en\/shop\/treasures\/earthly-treasures\/treasure-of-vendee\/coin-france-louis-xvi-louis-dor-a-la-tete-nue-1786-k-bordeaux-hoard-treasure-of-vendee-pcgs-au-58\/\" \/>\n<meta property=\"og:locale\" content=\"en_US\" \/>\n<meta property=\"og:type\" content=\"article\" \/>\n<meta property=\"og:title\" content=\"Coin France - Louis XVI - Louis d&#039;or \u00e0 la t\u00eate nue - 1786 K Bordeaux - Hoard Treasure of Vend\u00e9e - PCGS AU 58 - Thomas Numismatics\" \/>\n<meta property=\"og:description\" content=\"Gold - Louis d&#039;or \u00e0 la t\u00eate nue - 1786 K Bordeaux - PCGS AU 58 - Hoard Treasure of Vend\u00e9e\" \/>\n<meta property=\"og:url\" content=\"https:\/\/thomasnumismatics.com\/en\/shop\/treasures\/earthly-treasures\/treasure-of-vendee\/coin-france-louis-xvi-louis-dor-a-la-tete-nue-1786-k-bordeaux-hoard-treasure-of-vendee-pcgs-au-58\/\" \/>\n<meta property=\"og:site_name\" content=\"Thomas Numismatics\" \/>\n<meta property=\"article:publisher\" content=\"https:\/\/www.facebook.com\/ThomasNumismatics\/\" \/>\n<meta property=\"article:modified_time\" content=\"2025-11-13T10:29:46+00:00\" \/>\n<meta property=\"og:image\" content=\"https:\/\/thomasnumismatics.com\/wp-content\/uploads\/2025\/11\/monnaie-france-louis-xvi-louis-dor-a-la-tete-nue-1786-k-bordeaux-tresor-de-vendee-pcgs-au-58-avers-1024x1024.jpg\" \/>\n\t<meta property=\"og:image:width\" content=\"1024\" \/>\n\t<meta property=\"og:image:height\" content=\"1024\" \/>\n\t<meta property=\"og:image:type\" content=\"image\/jpeg\" \/>\n<meta name=\"twitter:card\" content=\"summary_large_image\" \/>\n<meta name=\"twitter:label1\" content=\"Est. reading time\" \/>\n\t<meta name=\"twitter:data1\" content=\"1 minute\" \/>\n<script type=\"application\/ld+json\" class=\"yoast-schema-graph\">{\"@context\":\"https:\/\/schema.org\",\"@graph\":[{\"@type\":\"WebPage\",\"@id\":\"https:\/\/thomasnumismatics.com\/en\/shop\/treasures\/earthly-treasures\/treasure-of-vendee\/coin-france-louis-xvi-louis-dor-a-la-tete-nue-1786-k-bordeaux-hoard-treasure-of-vendee-pcgs-au-58\/\",\"url\":\"https:\/\/thomasnumismatics.com\/en\/shop\/treasures\/earthly-treasures\/treasure-of-vendee\/coin-france-louis-xvi-louis-dor-a-la-tete-nue-1786-k-bordeaux-hoard-treasure-of-vendee-pcgs-au-58\/\",\"name\":\"Coin France - Louis XVI - Louis d'or \u00e0 la t\u00eate nue - 1786 K Bordeaux - Hoard Treasure of Vend\u00e9e - PCGS AU 58 - Thomas Numismatics\",\"isPartOf\":{\"@id\":\"https:\/\/thomasnumismatics.com\/en\/#website\"},\"primaryImageOfPage\":{\"@id\":\"https:\/\/thomasnumismatics.com\/en\/shop\/treasures\/earthly-treasures\/treasure-of-vendee\/coin-france-louis-xvi-louis-dor-a-la-tete-nue-1786-k-bordeaux-hoard-treasure-of-vendee-pcgs-au-58\/#primaryimage\"},\"image\":{\"@id\":\"https:\/\/thomasnumismatics.com\/en\/shop\/treasures\/earthly-treasures\/treasure-of-vendee\/coin-france-louis-xvi-louis-dor-a-la-tete-nue-1786-k-bordeaux-hoard-treasure-of-vendee-pcgs-au-58\/#primaryimage\"},\"thumbnailUrl\":\"https:\/\/thomasnumismatics.com\/wp-content\/uploads\/2025\/11\/monnaie-france-louis-xvi-louis-dor-a-la-tete-nue-1786-k-bordeaux-tresor-de-vendee-pcgs-au-58-avers-scaled.jpg\",\"datePublished\":\"2025-11-10T19:00:16+00:00\",\"dateModified\":\"2025-11-13T10:29:46+00:00\",\"breadcrumb\":{\"@id\":\"https:\/\/thomasnumismatics.com\/en\/shop\/treasures\/earthly-treasures\/treasure-of-vendee\/coin-france-louis-xvi-louis-dor-a-la-tete-nue-1786-k-bordeaux-hoard-treasure-of-vendee-pcgs-au-58\/#breadcrumb\"},\"inLanguage\":\"en-US\",\"potentialAction\":[{\"@type\":\"ReadAction\",\"target\":[\"https:\/\/thomasnumismatics.com\/en\/shop\/treasures\/earthly-treasures\/treasure-of-vendee\/coin-france-louis-xvi-louis-dor-a-la-tete-nue-1786-k-bordeaux-hoard-treasure-of-vendee-pcgs-au-58\/\"]}]},{\"@type\":\"ImageObject\",\"inLanguage\":\"en-US\",\"@id\":\"https:\/\/thomasnumismatics.com\/en\/shop\/treasures\/earthly-treasures\/treasure-of-vendee\/coin-france-louis-xvi-louis-dor-a-la-tete-nue-1786-k-bordeaux-hoard-treasure-of-vendee-pcgs-au-58\/#primaryimage\",\"url\":\"https:\/\/thomasnumismatics.com\/wp-content\/uploads\/2025\/11\/monnaie-france-louis-xvi-louis-dor-a-la-tete-nue-1786-k-bordeaux-tresor-de-vendee-pcgs-au-58-avers-scaled.jpg\",\"contentUrl\":\"https:\/\/thomasnumismatics.com\/wp-content\/uploads\/2025\/11\/monnaie-france-louis-xvi-louis-dor-a-la-tete-nue-1786-k-bordeaux-tresor-de-vendee-pcgs-au-58-avers-scaled.jpg\",\"width\":2500,\"height\":2500,\"caption\":\"Coin France - Louis XVI - Louis d'or \u00e0 la t\u00eate nue - 1786 K Bordeaux - Hoard Treasure of Vend\u00e9e - PCGS AU 58 obverse\"},{\"@type\":\"BreadcrumbList\",\"@id\":\"https:\/\/thomasnumismatics.com\/en\/shop\/treasures\/earthly-treasures\/treasure-of-vendee\/coin-france-louis-xvi-louis-dor-a-la-tete-nue-1786-k-bordeaux-hoard-treasure-of-vendee-pcgs-au-58\/#breadcrumb\",\"itemListElement\":[{\"@type\":\"ListItem\",\"position\":1,\"name\":\"\u00a0\",\"item\":\"https:\/\/thomasnumismatics.com\/en\/\"},{\"@type\":\"ListItem\",\"position\":2,\"name\":\"Shop\",\"item\":\"https:\/\/thomasnumismatics.com\/en\/shop\/\"},{\"@type\":\"ListItem\",\"position\":3,\"name\":\"Coin France &#8211; Louis XVI &#8211; Louis d&#8217;or \u00e0 la t\u00eate nue &#8211; 1786 K Bordeaux &#8211; Hoard Treasure of Vend\u00e9e &#8211; PCGS AU 58\"}]},{\"@type\":\"WebSite\",\"@id\":\"https:\/\/thomasnumismatics.com\/en\/#website\",\"url\":\"https:\/\/thomasnumismatics.com\/en\/\",\"name\":\"Thomas Numismatics\",\"description\":\"\",\"publisher\":{\"@id\":\"https:\/\/thomasnumismatics.com\/en\/#organization\"},\"potentialAction\":[{\"@type\":\"SearchAction\",\"target\":{\"@type\":\"EntryPoint\",\"urlTemplate\":\"https:\/\/thomasnumismatics.com\/en\/?s={search_term_string}\"},\"query-input\":{\"@type\":\"PropertyValueSpecification\",\"valueRequired\":true,\"valueName\":\"search_term_string\"}}],\"inLanguage\":\"en-US\"},{\"@type\":\"Organization\",\"@id\":\"https:\/\/thomasnumismatics.com\/en\/#organization\",\"name\":\"Thomas Numismatics\",\"url\":\"https:\/\/thomasnumismatics.com\/en\/\",\"logo\":{\"@type\":\"ImageObject\",\"inLanguage\":\"en-US\",\"@id\":\"https:\/\/thomasnumismatics.com\/en\/#\/schema\/logo\/image\/\",\"url\":\"https:\/\/thomasnumismatics.com\/wp-content\/uploads\/2020\/06\/thomas-numismatics-logo-email-1.png\",\"contentUrl\":\"https:\/\/thomasnumismatics.com\/wp-content\/uploads\/2020\/06\/thomas-numismatics-logo-email-1.png\",\"width\":350,\"height\":70,\"caption\":\"Thomas Numismatics\"},\"image\":{\"@id\":\"https:\/\/thomasnumismatics.com\/en\/#\/schema\/logo\/image\/\"},\"sameAs\":[\"https:\/\/www.facebook.com\/ThomasNumismatics\/\",\"https:\/\/www.instagram.com\/thomasnumismatics\/\"]}]}<\/script>","yoast_head_json":{"title":"Coin France - Louis XVI - Louis d'or \u00e0 la t\u00eate nue - 1786 K Bordeaux - Hoard Treasure of Vend\u00e9e - PCGS AU 58 - Thomas Numismatics","robots":{"index":"index","follow":"follow","max-snippet":"max-snippet:-1","max-image-preview":"max-image-preview:large","max-video-preview":"max-video-preview:-1"},"canonical":"https:\/\/thomasnumismatics.com\/en\/shop\/treasures\/earthly-treasures\/treasure-of-vendee\/coin-france-louis-xvi-louis-dor-a-la-tete-nue-1786-k-bordeaux-hoard-treasure-of-vendee-pcgs-au-58\/","og_locale":"en_US","og_type":"article","og_title":"Coin France - Louis XVI - Louis d'or \u00e0 la t\u00eate nue - 1786 K Bordeaux - Hoard Treasure of Vend\u00e9e - PCGS AU 58 - Thomas Numismatics","og_description":"Gold - Louis d'or \u00e0 la t\u00eate nue - 1786 K Bordeaux - PCGS AU 58 - Hoard Treasure of Vend\u00e9e","og_url":"https:\/\/thomasnumismatics.com\/en\/shop\/treasures\/earthly-treasures\/treasure-of-vendee\/coin-france-louis-xvi-louis-dor-a-la-tete-nue-1786-k-bordeaux-hoard-treasure-of-vendee-pcgs-au-58\/","og_site_name":"Thomas Numismatics","article_publisher":"https:\/\/www.facebook.com\/ThomasNumismatics\/","article_modified_time":"2025-11-13T10:29:46+00:00","og_image":[{"width":1024,"height":1024,"url":"https:\/\/thomasnumismatics.com\/wp-content\/uploads\/2025\/11\/monnaie-france-louis-xvi-louis-dor-a-la-tete-nue-1786-k-bordeaux-tresor-de-vendee-pcgs-au-58-avers-1024x1024.jpg","type":"image\/jpeg"}],"twitter_card":"summary_large_image","twitter_misc":{"Est. reading time":"1 minute"},"schema":{"@context":"https:\/\/schema.org","@graph":[{"@type":"WebPage","@id":"https:\/\/thomasnumismatics.com\/en\/shop\/treasures\/earthly-treasures\/treasure-of-vendee\/coin-france-louis-xvi-louis-dor-a-la-tete-nue-1786-k-bordeaux-hoard-treasure-of-vendee-pcgs-au-58\/","url":"https:\/\/thomasnumismatics.com\/en\/shop\/treasures\/earthly-treasures\/treasure-of-vendee\/coin-france-louis-xvi-louis-dor-a-la-tete-nue-1786-k-bordeaux-hoard-treasure-of-vendee-pcgs-au-58\/","name":"Coin France - Louis XVI - Louis d'or \u00e0 la t\u00eate nue - 1786 K Bordeaux - Hoard Treasure of Vend\u00e9e - PCGS AU 58 - Thomas Numismatics","isPartOf":{"@id":"https:\/\/thomasnumismatics.com\/en\/#website"},"primaryImageOfPage":{"@id":"https:\/\/thomasnumismatics.com\/en\/shop\/treasures\/earthly-treasures\/treasure-of-vendee\/coin-france-louis-xvi-louis-dor-a-la-tete-nue-1786-k-bordeaux-hoard-treasure-of-vendee-pcgs-au-58\/#primaryimage"},"image":{"@id":"https:\/\/thomasnumismatics.com\/en\/shop\/treasures\/earthly-treasures\/treasure-of-vendee\/coin-france-louis-xvi-louis-dor-a-la-tete-nue-1786-k-bordeaux-hoard-treasure-of-vendee-pcgs-au-58\/#primaryimage"},"thumbnailUrl":"https:\/\/thomasnumismatics.com\/wp-content\/uploads\/2025\/11\/monnaie-france-louis-xvi-louis-dor-a-la-tete-nue-1786-k-bordeaux-tresor-de-vendee-pcgs-au-58-avers-scaled.jpg","datePublished":"2025-11-10T19:00:16+00:00","dateModified":"2025-11-13T10:29:46+00:00","breadcrumb":{"@id":"https:\/\/thomasnumismatics.com\/en\/shop\/treasures\/earthly-treasures\/treasure-of-vendee\/coin-france-louis-xvi-louis-dor-a-la-tete-nue-1786-k-bordeaux-hoard-treasure-of-vendee-pcgs-au-58\/#breadcrumb"},"inLanguage":"en-US","potentialAction":[{"@type":"ReadAction","target":["https:\/\/thomasnumismatics.com\/en\/shop\/treasures\/earthly-treasures\/treasure-of-vendee\/coin-france-louis-xvi-louis-dor-a-la-tete-nue-1786-k-bordeaux-hoard-treasure-of-vendee-pcgs-au-58\/"]}]},{"@type":"ImageObject","inLanguage":"en-US","@id":"https:\/\/thomasnumismatics.com\/en\/shop\/treasures\/earthly-treasures\/treasure-of-vendee\/coin-france-louis-xvi-louis-dor-a-la-tete-nue-1786-k-bordeaux-hoard-treasure-of-vendee-pcgs-au-58\/#primaryimage","url":"https:\/\/thomasnumismatics.com\/wp-content\/uploads\/2025\/11\/monnaie-france-louis-xvi-louis-dor-a-la-tete-nue-1786-k-bordeaux-tresor-de-vendee-pcgs-au-58-avers-scaled.jpg","contentUrl":"https:\/\/thomasnumismatics.com\/wp-content\/uploads\/2025\/11\/monnaie-france-louis-xvi-louis-dor-a-la-tete-nue-1786-k-bordeaux-tresor-de-vendee-pcgs-au-58-avers-scaled.jpg","width":2500,"height":2500,"caption":"Coin France - Louis XVI - Louis d'or \u00e0 la t\u00eate nue - 1786 K Bordeaux - Hoard Treasure of Vend\u00e9e - PCGS AU 58 obverse"},{"@type":"BreadcrumbList","@id":"https:\/\/thomasnumismatics.com\/en\/shop\/treasures\/earthly-treasures\/treasure-of-vendee\/coin-france-louis-xvi-louis-dor-a-la-tete-nue-1786-k-bordeaux-hoard-treasure-of-vendee-pcgs-au-58\/#breadcrumb","itemListElement":[{"@type":"ListItem","position":1,"name":"\u00a0","item":"https:\/\/thomasnumismatics.com\/en\/"},{"@type":"ListItem","position":2,"name":"Shop","item":"https:\/\/thomasnumismatics.com\/en\/shop\/"},{"@type":"ListItem","position":3,"name":"Coin France &#8211; Louis XVI &#8211; Louis d&#8217;or \u00e0 la t\u00eate nue &#8211; 1786 K Bordeaux &#8211; Hoard Treasure of Vend\u00e9e &#8211; PCGS AU 58"}]},{"@type":"WebSite","@id":"https:\/\/thomasnumismatics.com\/en\/#website","url":"https:\/\/thomasnumismatics.com\/en\/","name":"Thomas Numismatics","description":"","publisher":{"@id":"https:\/\/thomasnumismatics.com\/en\/#organization"},"potentialAction":[{"@type":"SearchAction","target":{"@type":"EntryPoint","urlTemplate":"https:\/\/thomasnumismatics.com\/en\/?s={search_term_string}"},"query-input":{"@type":"PropertyValueSpecification","valueRequired":true,"valueName":"search_term_string"}}],"inLanguage":"en-US"},{"@type":"Organization","@id":"https:\/\/thomasnumismatics.com\/en\/#organization","name":"Thomas Numismatics","url":"https:\/\/thomasnumismatics.com\/en\/","logo":{"@type":"ImageObject","inLanguage":"en-US","@id":"https:\/\/thomasnumismatics.com\/en\/#\/schema\/logo\/image\/","url":"https:\/\/thomasnumismatics.com\/wp-content\/uploads\/2020\/06\/thomas-numismatics-logo-email-1.png","contentUrl":"https:\/\/thomasnumismatics.com\/wp-content\/uploads\/2020\/06\/thomas-numismatics-logo-email-1.png","width":350,"height":70,"caption":"Thomas Numismatics"},"image":{"@id":"https:\/\/thomasnumismatics.com\/en\/#\/schema\/logo\/image\/"},"sameAs":["https:\/\/www.facebook.com\/ThomasNumismatics\/","https:\/\/www.instagram.com\/thomasnumismatics\/"]}]}},"_links":{"self":[{"href":"https:\/\/thomasnumismatics.com\/en\/wp-json\/wp\/v2\/product\/71558","targetHints":{"allow":["GET"]}}],"collection":[{"href":"https:\/\/thomasnumismatics.com\/en\/wp-json\/wp\/v2\/product"}],"about":[{"href":"https:\/\/thomasnumismatics.com\/en\/wp-json\/wp\/v2\/types\/product"}],"wp:featuredmedia":[{"embeddable":true,"href":"https:\/\/thomasnumismatics.com\/en\/wp-json\/wp\/v2\/media\/71536"}],"wp:attachment":[{"href":"https:\/\/thomasnumismatics.com\/en\/wp-json\/wp\/v2\/media?parent=71558"}],"wp:term":[{"taxonomy":"product_cat","embeddable":true,"href":"https:\/\/thomasnumismatics.com\/en\/wp-json\/wp\/v2\/product_cat?post=71558"},{"taxonomy":"product_tag","embeddable":true,"href":"https:\/\/thomasnumismatics.com\/en\/wp-json\/wp\/v2\/product_tag?post=71558"}],"curies":[{"name":"wp","href":"https:\/\/api.w.org\/{rel}","templated":true}]}}